{"id":3,"date":"2017-09-27T15:53:00","date_gmt":"2017-09-27T15:53:00","guid":{"rendered":"https:\/\/ehalal.it\/?page_id=3"},"modified":"2025-02-11T19:18:14","modified_gmt":"2025-02-11T19:18:14","slug":"politique-de-confidentialite","status":"publish","type":"page","link":"https:\/\/ehalal.it\/ar\/politique-de-confidentialite\/","title":{"rendered":"\u0633\u064a\u0627\u0633\u0629 \u0627\u0644\u062e\u0635\u0648\u0635\u064a\u0629"},"content":{"rendered":"<div data-elementor-type=\"wp-post\" data-elementor-id=\"3\" class=\"elementor elementor-3\" data-elementor-post-type=\"page\">\n\t\t\t\t<div class=\"porto_stretch_css stretch_row_css elementor-element elementor-element-83fd1ea e-con-full e-flex e-con e-parent\" data-id=\"83fd1ea\" data-element_type=\"container\" data-e-type=\"container\" data-settings=\"{&quot;background_background&quot;:&quot;classic&quot;,&quot;ekit_has_onepagescroll_dot&quot;:&quot;yes&quot;}\">\r\n\t\t\t\t<div class=\"elementor-element elementor-element-db2a329 elementor-widget elementor-widget-elementskit-heading\" data-id=\"db2a329\" data-element_type=\"widget\" data-e-type=\"widget\" data-settings=\"{&quot;ekit_we_effect_on&quot;:&quot;none&quot;}\" data-widget_type=\"elementskit-heading.default\">\n\t\t\t\t<div class=\"elementor-widget-container\">\n\t\t\t\t\t<div class=\"ekit-wid-con\" ><div class=\"ekit-heading elementskit-section-title-wraper text_center   ekit_heading_tablet-   ekit_heading_mobile-\"><h2 class=\"ekit-heading--title elementskit-section-title\">Politique de <span><span>\u0627\u0644\u0633\u0631\u064a\u0629<\/span><\/span><\/h2><div class=\"ekit_heading_separetor_wraper ekit_heading_elementskit-border-divider elementskit-style-long\"><div class=\"elementskit-border-divider elementskit-style-long\"><\/div><\/div><\/div><\/div>\t\t\t\t<\/div>\n\t\t\t\t<\/div>\n\t\t\t\t<\/div>\n\t\t<div class=\"porto_stretch_css stretch_row_css elementor-element elementor-element-e6c4373 e-con-full e-flex e-con e-parent\" data-id=\"e6c4373\" data-element_type=\"container\" data-e-type=\"container\" data-settings=\"{&quot;ekit_has_onepagescroll_dot&quot;:&quot;yes&quot;}\">\r\n\t\t\t\t<div class=\"elementor-element elementor-element-ff5611f elementor-widget elementor-widget-text-editor\" data-id=\"ff5611f\" data-element_type=\"widget\" data-e-type=\"widget\" data-settings=\"{&quot;ekit_we_effect_on&quot;:&quot;none&quot;}\" data-widget_type=\"text-editor.default\">\n\t\t\t\t<div class=\"elementor-widget-container\">\n\t\t\t\t\t\t\t\t\t<p><strong>RESPONSABLE DU TRAITEMENT DES DONNEES DE CONFIDENTIALITE ET INFORMATIONS GENERALES<\/strong><\/p><p><span class=\"jCAhz ChMk0b\"><span class=\"ryNqvb\">X, dont le si\u00e8ge social est situ\u00e9 \u00e0 X, est le responsable du traitement des donn\u00e9es personnelles fournies par les utilisateurs.<\/span><\/span><\/p><p><span class=\"jCAhz ChMk0b\"><span class=\"ryNqvb\">X s&#8217;engage \u00e0 prot\u00e9ger le droit \u00e0 la protection des donn\u00e9es personnelles des Utilisateurs. <\/span><\/span><\/p><p><span class=\"jCAhz ChMk0b\"><span class=\"ryNqvb\">Cette politique de confidentialit\u00e9 est fournie aux utilisateurs conform\u00e9ment et aux fins de la l\u00e9gislation nationale et europ\u00e9enne sur la protection des donn\u00e9es personnelles, \u00e0 savoir le r\u00e8glement (UE) 2016\/679 du Parlement europ\u00e9en et du Conseil du 27 avril 2016 relatif \u00e0 la protection des personnes physiques \u00e0 l&#8217;\u00e9gard du traitement des donn\u00e9es personnelles et \u00e0 la libre circulation de ces donn\u00e9es (RGPD), en plus de toute autre l\u00e9gislation sur la protection des donn\u00e9es personnelles applicable en Italie, y compris les dispositions du Garant.<\/span><\/span><\/p><p><span class=\"jCAhz\"><span class=\"ryNqvb\">Veuillez lire attentivement ce qui suit pour comprendre nos consid\u00e9rations et pratiques concernant les donn\u00e9es personnelles et la mani\u00e8re dont nous les traiterons.<\/span><\/span><\/p><p><strong><span class=\"jCAhz\"><span class=\"ryNqvb\">RESPONSABLES DU TRAITEMENT DES DONN\u00c9ES<\/span><\/span><\/strong><\/p><p><span class=\"jCAhz ChMk0b\"><span class=\"ryNqvb\">Le Responsable du traitement fait appel \u00e0 des sous-traitants pour atteindre les finalit\u00e9s indiqu\u00e9es ci-dessous et \u00e0 un d\u00e9l\u00e9gu\u00e9 \u00e0 la protection des donn\u00e9es (DPD) d\u00e9sign\u00e9 pour surveiller la protection des donn\u00e9es personnelles. <\/span><\/span><span class=\"jCAhz ChMk0b\"><span class=\"ryNqvb\">Nous vous rappelons que vous pouvez contacter \u00e0 tout moment le D\u00e9l\u00e9gu\u00e9 \u00e0 la Protection des Donn\u00e9es et lui adresser toutes questions ou demandes relatives \u00e0 vos donn\u00e9es personnelles et au respect de votre vie priv\u00e9e en \u00e9crivant \u00e0 l&#8217;adresse X.<\/span><\/span><\/p><p><strong><span class=\"jCAhz\"><span class=\"ryNqvb\">TYPES DE DONN\u00c9ES COLLECT\u00c9ES<\/span><\/span><\/strong><\/p><p>Parmi les Donn\u00e9es Personnelles collect\u00e9es par cette Application, de mani\u00e8re ind\u00e9pendante ou via des tiers, peuvent figurer : email, nom, pr\u00e9nom, adresse de livraison, code postal, ville de livraison, num\u00e9ro de t\u00e9l\u00e9phone portable, code fiscal ou num\u00e9ro de TVA, Cookies et Donn\u00e9es d&#8217;utilisation de l&#8217;Application.<\/p><p>Les Donn\u00e9es personnelles peuvent \u00eatre directement fournies par l\u2019Utilisateur ou, dans le cas des Donn\u00e9es d\u2019utilisation, collect\u00e9es automatiquement lorsque vous utilisez cette Application.<\/p><p><span class=\"jCAhz ChMk0b\"><span class=\"ryNqvb\">\u0645\u0627 \u0644\u0645 \u064a\u062a\u0645 \u062a\u062d\u062f\u064a\u062f \u062e\u0644\u0627\u0641 \u0630\u0644\u0643\u060c \u0641\u0625\u0646 \u062c\u0645\u064a\u0639 \u0627\u0644\u0628\u064a\u0627\u0646\u0627\u062a \u0627\u0644\u0645\u0637\u0644\u0648\u0628\u0629 \u0628\u0648\u0627\u0633\u0637\u0629 \u0647\u0630\u0627 \u0627\u0644\u062a\u0637\u0628\u064a\u0642 \u0625\u0644\u0632\u0627\u0645\u064a\u0629.<\/span><\/span> <span class=\"jCAhz ChMk0b\"><span class=\"ryNqvb\">Si l\u2019Utilisateur refuse de les communiquer, il peut \u00eatre impossible pour cette Application de fournir le Service.<\/span><\/span> <span class=\"jCAhz ChMk0b\"><span class=\"ryNqvb\">Dans les cas o\u00f9 cette Application indique certaines Donn\u00e9es comme facultatives, les Utilisateurs sont libres de s&#8217;abstenir de communiquer ces Donn\u00e9es, sans que cela n&#8217;ait de cons\u00e9quence sur la disponibilit\u00e9 du Service ou sur son fonctionnement.<\/span><\/span><\/p><p>Les utilisateurs qui ont des doutes sur les Donn\u00e9es obligatoires sont invit\u00e9s \u00e0 contacter le Propri\u00e9taire.<\/p><p>Toute utilisation de Cookies \u2013 ou d\u2019autres outils de suivi \u2013 par cette Application ou par les propri\u00e9taires de services tiers utilis\u00e9s par cette Application, sauf indication contraire, a pour finalit\u00e9 de fournir le Service demand\u00e9 par l\u2019Utilisateur, en plus des autres finalit\u00e9s d\u00e9crites dans ce document et dans la Politique relative aux cookies, si elle est disponible.<\/p><p>L&#8217;Utilisateur assume la responsabilit\u00e9 des Donn\u00e9es Personnelles de tiers obtenues, publi\u00e9es ou partag\u00e9es via cette Application et garantit qu&#8217;il a le droit de les communiquer ou de les diffuser, lib\u00e9rant le Propri\u00e9taire de toute responsabilit\u00e9 envers des tiers.<\/p><div class=\"lRu31\" dir=\"ltr\"><strong><span class=\"HwtZe\" lang=\"fr\"><span class=\"jCAhz ChMk0b\"><span class=\"ryNqvb\">MODALIT\u00c9S ET LIEU DE TRAITEMENT DES DONN\u00c9ES COLLECT\u00c9ES<\/span><\/span><\/span><\/strong><div class=\"OvtS8d\">\u00a0<\/div><div id=\"ow27\"><strong>M\u00e9thodes de traitement<\/strong><\/div><div>\u00a0<\/div><div>Le Propri\u00e9taire adopte des mesures de s\u00e9curit\u00e9 appropri\u00e9es pour emp\u00eacher l\u2019acc\u00e8s, la divulgation, la modification ou la destruction non autoris\u00e9s des Donn\u00e9es personnelles.<\/div><div>\u00a0<\/div><\/div><div>Le traitement est effectu\u00e9 \u00e0 l&#8217;aide d&#8217;outils informatiques et\/ou t\u00e9l\u00e9matiques, avec des modalit\u00e9s d&#8217;organisation et avec des logiques strictement li\u00e9es aux finalit\u00e9s indiqu\u00e9es.<\/div><div class=\"UdTY9 WdefRb\" aria-hidden=\"true\" data-location=\"2\">\u00a0<\/div><div aria-hidden=\"true\" data-location=\"2\"><span class=\"jCAhz ChMk0b\"><span class=\"ryNqvb\">Outre le Propri\u00e9taire, dans certains cas, d&#8217;autres parties impliqu\u00e9es dans l&#8217;organisation de cette Application (personnel administratif, commercial, marketing, juridique, administration du syst\u00e8me) ou des parties externes (telles que les prestataires de services administratifs et comptables, les coursiers et les op\u00e9rateurs logistiques, les fournisseurs d&#8217;h\u00e9bergement et les prestataires de services d&#8217;ing\u00e9nierie syst\u00e8me, les prestataires de services de collecte, les soci\u00e9t\u00e9s informatiques et de marketing en ligne) peuvent avoir acc\u00e8s aux Donn\u00e9es, \u00e9galement d\u00e9sign\u00e9es, si n\u00e9cessaire, comme Sous-traitants de donn\u00e9es par le Propri\u00e9taire.<\/span><\/span> <span class=\"jCAhz ChMk0b\"><span class=\"ryNqvb\">La liste mise \u00e0 jour des Sous-traitants peut toujours \u00eatre demand\u00e9e au Responsable du traitement.<\/span><\/span> <span class=\"jCAhz ChMk0b\"><span class=\"ryNqvb\">Ces prestataires n\u2019ont acc\u00e8s qu\u2019aux donn\u00e9es personnelles n\u00e9cessaires \u00e0 l\u2019ex\u00e9cution de leurs t\u00e2ches.<\/span><\/span> <span class=\"jCAhz ChMk0b\"><span class=\"ryNqvb\">Nous garantissons qu&#8217;ils ne peuvent pas utiliser les m\u00eames Donn\u00e9es \u00e0 d&#8217;autres fins et sont \u00e9galement tenus de traiter les Donn\u00e9es Personnelles conform\u00e9ment \u00e0 la pr\u00e9sente Politique de Confidentialit\u00e9, et conform\u00e9ment \u00e0 la r\u00e9glementation applicable en mati\u00e8re de protection des donn\u00e9es personnelles.<\/span><\/span><\/div><div aria-hidden=\"true\" data-location=\"2\">\u00a0<\/div><div aria-hidden=\"true\" data-location=\"2\"><strong>Base juridique du traitement<\/strong><\/div><div aria-hidden=\"true\" data-location=\"2\">\u00a0<\/div><div aria-hidden=\"true\" data-location=\"2\"><strong>Le Responsable du traitement traite les Donn\u00e9es personnelles relatives \u00e0 l&#8217;Utilisateur si l&#8217;une des conditions suivantes existe :<\/strong><\/div><div aria-hidden=\"true\" data-location=\"2\">\u00a0<\/div><div aria-hidden=\"true\" data-location=\"2\"><div class=\"lRu31\" dir=\"ltr\"><span class=\"HwtZe\" lang=\"fr\"><span class=\"jCAhz ChMk0b\"><span class=\"ryNqvb\">l&#8217;Utilisateur a donn\u00e9 son consentement pour une ou plusieurs finalit\u00e9s sp\u00e9cifiques ; <\/span><\/span><span class=\"jCAhz ChMk0b\"><span class=\"ryNqvb\">le traitement est n\u00e9cessaire \u00e0 l\u2019ex\u00e9cution d\u2019un contrat avec l\u2019Utilisateur et\/ou \u00e0 l\u2019ex\u00e9cution de mesures pr\u00e9contractuelles ; <\/span><\/span><span class=\"jCAhz JpY6Fd\"><span class=\"ryNqvb\">le traitement est n\u00e9cessaire pour satisfaire \u00e0 une obligation l\u00e9gale \u00e0 laquelle le Responsable du traitement est soumis ; <\/span><\/span><span class=\"jCAhz\"><span class=\"ryNqvb\">le traitement est n\u00e9cessaire \u00e0 l\u2019ex\u00e9cution d\u2019une mission d\u2019int\u00e9r\u00eat public ou relevant de l\u2019exercice de l\u2019autorit\u00e9 publique dont est investi le responsable du traitement ; <\/span><\/span><span class=\"jCAhz JpY6Fd\"><span class=\"ryNqvb\">le traitement est n\u00e9cessaire \u00e0 la poursuite de l\u2019int\u00e9r\u00eat l\u00e9gitime du Propri\u00e9taire ou de tiers. <\/span><\/span><span class=\"jCAhz JpY6Fd\"><span class=\"ryNqvb\">Il est toujours possible de demander au Propri\u00e9taire de clarifier la base juridique sp\u00e9cifique de chaque traitement et notamment de pr\u00e9ciser si le traitement est bas\u00e9 sur la loi, pr\u00e9vu par un contrat ou n\u00e9cessaire \u00e0 la conclusion d&#8217;un contrat.<\/span><\/span><\/span><div class=\"OvtS8d\">\u00a0<\/div><div id=\"ow29\"><strong>\u0645\u0643\u0627\u0646<\/strong><\/div><div>\u00a0<\/div><\/div><\/div><div>Les Donn\u00e9es sont trait\u00e9es au si\u00e8ge du Responsable du traitement et dans tout autre lieu o\u00f9 sont situ\u00e9es les parties responsables du traitement.<\/div><div>\u00a0<\/div><div><span class=\"jCAhz ChMk0b\"><span class=\"ryNqvb\">Les Donn\u00e9es Personnelles de l\u2019Utilisateur peuvent \u00eatre transf\u00e9r\u00e9es vers un pays autre que celui dans lequel se trouve l\u2019Utilisateur, m\u00eame en dehors de l\u2019Union europ\u00e9enne.<\/span><\/span> <span class=\"jCAhz ChMk0b\"><span class=\"ryNqvb\">\u0639\u0646\u062f\u0645\u0627 \u064a\u062d\u062f\u062b \u0645\u062b\u0644 \u0647\u0630\u0627 \u0627\u0644\u0646\u0642\u0644\u060c \u0641\u0625\u0646\u0646\u0627 \u0646\u0636\u0645\u0646 \u0623\u0646 \u064a\u062a\u0645 \u062a\u0646\u0641\u064a\u0630\u0647 \u0648\u0641\u0642\u064b\u0627 \u0644\u0633\u064a\u0627\u0633\u0629 \u0627\u0644\u062e\u0635\u0648\u0635\u064a\u0629 \u0647\u0630\u0647 \u0648\u0623\u0646\u0647 \u064a\u0648\u0641\u0631 \u0627\u0644\u062d\u0645\u0627\u064a\u0629 \u0627\u0644\u0643\u0627\u0641\u064a\u0629.<\/span><\/span><\/div><div>\u00a0<\/div><div>Si l&#8217;un des transferts d\u00e9crits ci-dessus a lieu, l&#8217;Utilisateur peut se r\u00e9f\u00e9rer aux sections respectives de ce document ou demander des informations au Propri\u00e9taire en le contactant aux coordonn\u00e9es fournies au d\u00e9but.<\/div><div>\u00a0<\/div><div><strong>\u0645\u062f\u0629 \u0627\u0644\u0635\u0644\u0627\u062d\u064a\u0629<\/strong><\/div><div>\u00a0<\/div><div><span class=\"jCAhz ChMk0b\"><span class=\"ryNqvb\">Les Donn\u00e9es sont trait\u00e9es et conserv\u00e9es pendant la dur\u00e9e n\u00e9cessaire aux finalit\u00e9s pour lesquelles elles ont \u00e9t\u00e9 collect\u00e9es.<\/span><\/span> <span class=\"jCAhz ChMk0b\"><span class=\"ryNqvb\">De mani\u00e8re g\u00e9n\u00e9rale, les donn\u00e9es seront conserv\u00e9es jusqu\u2019au dixi\u00e8me anniversaire apr\u00e8s l\u2019inscription sur la Plateforme. <\/span><\/span><\/div><div>\u00a0<\/div><div><strong>\u0642\u062f \u064a\u062a\u0645 \u0627\u0644\u0627\u062d\u062a\u0641\u0627\u0638 \u0628\u0627\u0644\u0641\u0626\u0627\u062a \u0627\u0644\u062a\u0627\u0644\u064a\u0629 \u0645\u0646 \u0627\u0644\u0628\u064a\u0627\u0646\u0627\u062a \u0644\u0641\u062a\u0631\u0627\u062a \u0625\u0636\u0627\u0641\u064a\u0629:<\/strong><\/div><div>\u00a0<\/div><div><span class=\"jCAhz ChMk0b\"><span class=\"ryNqvb\">\u064a\u062a\u0645 \u0627\u0644\u0627\u062d\u062a\u0641\u0627\u0638 \u0628\u0627\u0644\u0628\u064a\u0627\u0646\u0627\u062a \u0627\u0644\u0645\u0627\u0644\u064a\u0629 \u0648\u0627\u0644\u0645\u062d\u0627\u0633\u0628\u064a\u0629 (\u0645\u062b\u0644 \u0627\u0644\u0641\u0648\u0627\u062a\u064a\u0631 \u0648\u0627\u0644\u0645\u062f\u0641\u0648\u0639\u0627\u062a \u0648\u0627\u0644\u0645\u0628\u0627\u0644\u063a \u0627\u0644\u0645\u0633\u062a\u0631\u062f\u0629 \u0648\u0645\u0627 \u0625\u0644\u0649 \u0630\u0644\u0643) \u0637\u0648\u0627\u0644 \u0627\u0644\u0641\u062a\u0631\u0629 \u0627\u0644\u0645\u0637\u0644\u0648\u0628\u0629 \u0628\u0645\u0648\u062c\u0628 \u0642\u0648\u0627\u0646\u064a\u0646 \u0627\u0644\u0636\u0631\u0627\u0626\u0628 \u0648\u0627\u0644\u0645\u062d\u0627\u0633\u0628\u0629 \u0627\u0644\u0645\u0639\u0645\u0648\u0644 \u0628\u0647\u0627\u061b <\/span><\/span><span class=\"jCAhz ChMk0b\"><span class=\"ryNqvb\">\u064a\u062a\u0645 \u0625\u062e\u0641\u0627\u0621 \u0647\u0648\u064a\u0629 \u062c\u0645\u064a\u0639 \u0627\u0644\u0645\u062d\u062a\u0648\u064a\u0627\u062a \u0627\u0644\u062a\u064a \u064a\u0646\u0634\u0626\u0647\u0627 \u0627\u0644\u0645\u0633\u062a\u062e\u062f\u0645 (\u0639\u0644\u0649 \u0633\u0628\u064a\u0644 \u0627\u0644\u0645\u062b\u0627\u0644\u060c \u0627\u0644\u0645\u0646\u062a\u062c\u0627\u062a \u0627\u0644\u062a\u064a \u062a\u0645 \u0634\u0631\u0627\u0624\u0647\u0627\u060c \u0648\u0623\u0646\u0645\u0627\u0637 \u0627\u0644\u0633\u0644\u0648\u0643)\u060c \u0648\u0644\u0643\u0646\u0647\u0627 \u062a\u0638\u0644 \u0645\u062a\u0627\u062d\u0629 \u0644\u062a\u062d\u0644\u064a\u0644\u0646\u0627 \u0641\u064a \u0634\u0643\u0644 \u0645\u062c\u0645\u0639. <\/span><\/span><span class=\"jCAhz\"><span class=\"ryNqvb\">\u0641\u064a \u0646\u0647\u0627\u064a\u0629 \u0641\u062a\u0631\u0629 \u0627\u0644\u0627\u062d\u062a\u0641\u0627\u0638\u060c \u0633\u064a\u062a\u0645 \u062d\u0630\u0641 \u0627\u0644\u0628\u064a\u0627\u0646\u0627\u062a \u0627\u0644\u0634\u062e\u0635\u064a\u0629.<\/span><\/span> <span class=\"jCAhz JpY6Fd\"><span class=\"ryNqvb\">\u0644\u0630\u0644\u0643\u060c \u0639\u0646\u062f \u0627\u0646\u062a\u0647\u0627\u0621 \u0647\u0630\u0647 \u0627\u0644\u0641\u062a\u0631\u0629\u060c \u0644\u0645 \u064a\u0639\u062f \u0645\u0646 \u0627\u0644\u0645\u0645\u0643\u0646 \u0645\u0645\u0627\u0631\u0633\u0629 \u062d\u0642 \u0627\u0644\u0648\u0635\u0648\u0644 \u0648\u0627\u0644\u0625\u0644\u063a\u0627\u0621 \u0648\u0627\u0644\u062a\u0635\u062d\u064a\u062d \u0648\u0627\u0644\u062d\u0642 \u0641\u064a \u0646\u0642\u0644 \u0627\u0644\u0628\u064a\u0627\u0646\u0627\u062a.<\/span><\/span><\/div><div>\u00a0<\/div><div><strong>FINALIT\u00c9 DU TRAITEMENT DES DONN\u00c9ES COLLECT\u00c9ES<\/strong><\/div><div>\u00a0<\/div><div>Les Donn\u00e9es Utilisateur sont collect\u00e9es pour permettre au Propri\u00e9taire de fournir et d&#8217;optimiser ses Services et, en particulier, pour :<\/div><div>\u00a0<\/div><div><span class=\"jCAhz ChMk0b\"><span class=\"ryNqvb\">l&#8217;identification de l&#8217;Utilisateur n\u00e9cessaire pour l&#8217;acc\u00e8s \u00e0 l&#8217;Application et aux produits et services d\u00e9di\u00e9s, ainsi que pour permettre le bon d\u00e9roulement de l&#8217;activit\u00e9 de support de l&#8217;Utilisateur ; <\/span><\/span><span class=\"jCAhz ChMk0b\"><span class=\"ryNqvb\">l&#8217;ex\u00e9cution de la commande et la gestion de l&#8217;encaissement avec les mesures de contr\u00f4le et de s\u00e9curit\u00e9 appropri\u00e9es sur l&#8217;op\u00e9ration ; <\/span><\/span><span class=\"jCAhz ChMk0b\"><span class=\"ryNqvb\">la pr\u00e9paration et la livraison des commandes ; <\/span><\/span><span class=\"jCAhz ChMk0b\"><span class=\"ryNqvb\">la gestion de la facturation des commandes et la r\u00e9alisation des d\u00e9marches administratives et fiscales associ\u00e9es ; <\/span><\/span><span class=\"jCAhz ChMk0b\"><span class=\"ryNqvb\">assistance apr\u00e8s-vente et gestion des demandes de support et de contact ; <\/span><\/span><span class=\"jCAhz ChMk0b\"><span class=\"ryNqvb\">le d\u00e9veloppement d\u2019activit\u00e9s marketing relatives \u00e0 nos Services ainsi que pour analyser et comprendre nos clients afin d\u2019am\u00e9liorer notre service (y compris l\u2019exp\u00e9rience de l\u2019interface utilisateur) et d\u2019optimiser la s\u00e9lection de produits propos\u00e9s. <\/span><\/span><\/div><div>\u00a0<\/div><div><span class=\"jCAhz ChMk0b\"><span class=\"ryNqvb\">Pour obtenir de plus amples informations et sur les Donn\u00e9es Personnelles concr\u00e8tement pertinentes pour chaque finalit\u00e9, l&#8217;Utilisateur peut demander des informations au Propri\u00e9taire en le contactant aux coordonn\u00e9es fournies en ouverture.<\/span><\/span><\/div><div>\u00a0<\/div><div><strong><span class=\"jCAhz\"><span class=\"ryNqvb\">DROITS DES UTILISATEURS <\/span><\/span><\/strong><\/div><div>\u00a0<\/div><div><span class=\"jCAhz ChMk0b\"><span class=\"ryNqvb\">Les utilisateurs peuvent exercer certains droits concernant les donn\u00e9es trait\u00e9es par le propri\u00e9taire.<\/span><\/span> <span class=\"jCAhz ChMk0b\"><span class=\"ryNqvb\">En particulier, l&#8217;Utilisateur a le droit de : <\/span><\/span><span class=\"jCAhz\"><span class=\"ryNqvb\">r\u00e9voquer son consentement \u00e0 tout moment.<\/span><\/span> <span class=\"jCAhz ChMk0b\"><span class=\"ryNqvb\">L&#8217;Utilisateur peut r\u00e9voquer le consentement au traitement de ses Donn\u00e9es Personnelles pr\u00e9c\u00e9demment exprim\u00e9.<\/span><\/span><\/div><div>\u00a0<\/div><div><span class=\"jCAhz ChMk0b\"><span class=\"ryNqvb\">s\u2019opposer au traitement de ses Donn\u00e9es. L\u2019Utilisateur peut s\u2019opposer au traitement de ses Donn\u00e9es lorsque celui-ci est fond\u00e9 sur une base l\u00e9gale autre que le consentement.<\/span><\/span> <span class=\"jCAhz ChMk0b\"><span class=\"ryNqvb\">De plus amples d\u00e9tails sur le droit d\u2019opposition sont pr\u00e9sent\u00e9s dans la section ci-dessous.<\/span><\/span><\/div><div>\u00a0<\/div><div>acc\u00e9der \u00e0 leurs Donn\u00e9es. L&#8217;Utilisateur a le droit d&#8217;obtenir des informations sur les Donn\u00e9es trait\u00e9es par le Propri\u00e9taire, sur certains aspects du traitement et de recevoir une copie des Donn\u00e9es trait\u00e9es.<\/div><div>\u00a0<\/div><div><span class=\"jCAhz ChMk0b\"><span class=\"ryNqvb\">v\u00e9rifier et demander une rectification.<\/span><\/span> <span class=\"jCAhz JpY6Fd\"><span class=\"ryNqvb\">L&#8217;Utilisateur peut v\u00e9rifier l&#8217;exactitude de ses Donn\u00e9es et demander leur mise \u00e0 jour ou leur rectification.<\/span><\/span><\/div><div>\u00a0<\/div><div><span class=\"jCAhz ChMk0b\"><span class=\"ryNqvb\">obtenir une limitation du traitement.<\/span><\/span> <span class=\"jCAhz ChMk0b\"><span class=\"ryNqvb\">Lorsque certaines conditions s&#8217;appliquent, l&#8217;Utilisateur peut demander la limitation du traitement de ses Donn\u00e9es. Dans ce cas, le Propri\u00e9taire ne traitera pas les Donn\u00e9es \u00e0 d&#8217;autres fins que leur conservation.<\/span><\/span><\/div><div>\u00a0<\/div><div><span class=\"jCAhz ChMk0b\"><span class=\"ryNqvb\">obtenir la suppression ou le retrait de vos Donn\u00e9es Personnelles.<\/span><\/span> <span class=\"jCAhz ChMk0b\"><span class=\"ryNqvb\">Lorsque certaines conditions s\u2019appliquent, l\u2019Utilisateur peut demander au Propri\u00e9taire de supprimer ses Donn\u00e9es.<\/span><\/span><\/div><div>\u00a0<\/div><div><span class=\"jCAhz ChMk0b\"><span class=\"ryNqvb\">recevoir vos Donn\u00e9es ou les faire transf\u00e9rer \u00e0 un autre propri\u00e9taire.<\/span><\/span> <span class=\"jCAhz ChMk0b\"><span class=\"ryNqvb\">L&#8217;Utilisateur a le droit de recevoir ses Donn\u00e9es dans un format structur\u00e9, couramment utilis\u00e9 et lisible par machine et, lorsque cela est techniquement possible, d&#8217;obtenir le transfert sans obstacle \u00e0 un autre propri\u00e9taire.<\/span><\/span> <span class=\"jCAhz ChMk0b\"><span class=\"ryNqvb\">Cette disposition est applicable lorsque les Donn\u00e9es sont trait\u00e9es avec des outils automatis\u00e9s et que le traitement est fond\u00e9 sur le consentement de l&#8217;Utilisateur, sur un contrat auquel l&#8217;Utilisateur est partie ou sur des mesures contractuelles qui lui sont li\u00e9es. <\/span><\/span><\/div><div>\u00a0<\/div><div><span class=\"jCAhz ChMk0b\"><span class=\"ryNqvb\">d\u00e9poser une plainte.<\/span><\/span> <span class=\"jCAhz ChMk0b\"><span class=\"ryNqvb\">L&#8217;Utilisateur peut d\u00e9poser une r\u00e9clamation aupr\u00e8s de l&#8217;autorit\u00e9 de contr\u00f4le comp\u00e9tente en mati\u00e8re de protection des donn\u00e9es personnelles ou intenter une action en justice.<\/span><\/span><\/div><div>\u00a0<\/div><div><strong>D\u00e9tails sur le droit d&#8217;opposition<\/strong><\/div><div>\u00a0<\/div><div>Lorsque les Donn\u00e9es personnelles sont trait\u00e9es dans l&#8217;int\u00e9r\u00eat public, dans l&#8217;exercice de l&#8217;autorit\u00e9 publique d\u00e9volue au Propri\u00e9taire ou pour poursuivre un int\u00e9r\u00eat l\u00e9gitime de celui-ci, les Utilisateurs ont le droit de s&#8217;opposer au traitement pour des raisons li\u00e9es \u00e0 leur situation particuli\u00e8re.<\/div><div>\u00a0<\/div><div>Les utilisateurs sont inform\u00e9s qu&#8217;ils peuvent, \u00e0 tout moment et sans avoir \u00e0 justifier de motif, s&#8217;opposer \u00e0 la r\u00e9ception de newsletters du Responsable du traitement en envoyant un courrier \u00e9lectronique \u00e0 X indiquant leur souhait.<\/div><div>\u00a0<\/div><div><strong>Comment exercer vos droits<\/strong><\/div><div>\u00a0<\/div><div><span class=\"jCAhz ChMk0b\"><span class=\"ryNqvb\">Pour exercer les droits des Utilisateurs, les Utilisateurs peuvent adresser une demande aux coordonn\u00e9es du Propri\u00e9taire indiqu\u00e9es dans ce document.<\/span><\/span> <span class=\"jCAhz ChMk0b\"><span class=\"ryNqvb\">Les demandes sont trait\u00e9es par le Propri\u00e9taire dans les meilleurs d\u00e9lais, en tout \u00e9tat de cause dans un d\u00e9lai d&#8217;un mois.<\/span><\/span><\/div>\t\t\t\t\t\t\t\t<\/div>\n\t\t\t\t<\/div>\n\t\t\t\t<\/div>\n\t\t\t\t<\/div>","protected":false},"excerpt":{"rendered":"<p>Politique de Confidentialit\u00e9 RESPONSABLE DU TRAITEMENT DES DONNEES DE CONFIDENTIALITE ET INFORMATIONS GENERALES X, dont le si\u00e8ge social est situ\u00e9 \u00e0 X, est le responsable du traitement des donn\u00e9es personnelles fournies par les utilisateurs. X s&#8217;engage \u00e0 prot\u00e9ger le droit \u00e0 la protection des donn\u00e9es personnelles des Utilisateurs. Cette politique de confidentialit\u00e9 est fournie aux [&hellip;]<\/p>","protected":false},"author":1,"featured_media":0,"parent":0,"menu_order":0,"comment_status":"closed","ping_status":"closed","template":"elementor_theme","meta":{"footnotes":""},"class_list":["post-3","page","type-page","status-publish","hentry"],"_links":{"self":[{"href":"https:\/\/ehalal.it\/ar\/wp-json\/wp\/v2\/pages\/3","targetHints":{"allow":["GET"]}}],"collection":[{"href":"https:\/\/ehalal.it\/ar\/wp-json\/wp\/v2\/pages"}],"about":[{"href":"https:\/\/ehalal.it\/ar\/wp-json\/wp\/v2\/types\/page"}],"author":[{"embeddable":true,"href":"https:\/\/ehalal.it\/ar\/wp-json\/wp\/v2\/users\/1"}],"replies":[{"embeddable":true,"href":"https:\/\/ehalal.it\/ar\/wp-json\/wp\/v2\/comments?post=3"}],"version-history":[{"count":3,"href":"https:\/\/ehalal.it\/ar\/wp-json\/wp\/v2\/pages\/3\/revisions"}],"predecessor-version":[{"id":6295,"href":"https:\/\/ehalal.it\/ar\/wp-json\/wp\/v2\/pages\/3\/revisions\/6295"}],"wp:attachment":[{"href":"https:\/\/ehalal.it\/ar\/wp-json\/wp\/v2\/media?parent=3"}],"curies":[{"name":"wp","href":"https:\/\/api.w.org\/{rel}","templated":true}]}}