{"id":6566,"date":"2025-02-22T00:39:40","date_gmt":"2025-02-22T00:39:40","guid":{"rendered":"https:\/\/ehalal.it\/?post_type=product&#038;p=6566"},"modified":"2025-02-27T00:30:09","modified_gmt":"2025-02-27T00:30:09","slug":"jambon-halal-dagneau","status":"publish","type":"product","link":"https:\/\/ehalal.it\/ar\/product\/jambon-halal-dagneau\/","title":{"rendered":"\u0644\u062d\u0645 \u0627\u0644\u0636\u0623\u0646 \u0627\u0644\u062d\u0644\u0627\u0644"},"content":{"rendered":"<p>D\u00e9couvrez notre Jambon Halal d&#8217;agneau, un jambon affin\u00e9 de haute qualit\u00e9 r\u00e9alis\u00e9 \u00e0 partir de cuisse d&#8217;agneau italienne certifi\u00e9e Halal. Ce jambon, sans lactose, sans gluten et sans ingr\u00e9dients OGM, offre une saveur authentique et raffin\u00e9e.<\/p>","protected":false},"excerpt":{"rendered":"<p>D\u00e9couvrez notre Jambon Halal d&#8217;agneau, un jambon affin\u00e9 de haute qualit\u00e9 r\u00e9alis\u00e9 \u00e0 partir de cuisse d&#8217;agneau italienne certifi\u00e9e Halal. Ce jambon, sans lactose, sans gluten et sans ingr\u00e9dients OGM, offre une saveur authentique et raffin\u00e9e.<\/p>","protected":false},"featured_media":6578,"comment_status":"open","ping_status":"closed","template":"","meta":[],"product_brand":[],"product_cat":[111],"product_tag":[177,156,179,178],"class_list":{"0":"post-6566","1":"product","2":"type-product","3":"status-publish","4":"has-post-thumbnail","6":"product_cat-charcuterie","7":"product_tag-agneau","8":"product_tag-halal","9":"product_tag-jambon","10":"product_tag-jambon-halal-dagneau","12":"first","13":"instock","14":"purchasable","15":"product-type-simple"},"_links":{"self":[{"href":"https:\/\/ehalal.it\/ar\/wp-json\/wp\/v2\/product\/6566","targetHints":{"allow":["GET"]}}],"collection":[{"href":"https:\/\/ehalal.it\/ar\/wp-json\/wp\/v2\/product"}],"about":[{"href":"https:\/\/ehalal.it\/ar\/wp-json\/wp\/v2\/types\/product"}],"replies":[{"embeddable":true,"href":"https:\/\/ehalal.it\/ar\/wp-json\/wp\/v2\/comments?post=6566"}],"wp:featuredmedia":[{"embeddable":true,"href":"https:\/\/ehalal.it\/ar\/wp-json\/wp\/v2\/media\/6578"}],"wp:attachment":[{"href":"https:\/\/ehalal.it\/ar\/wp-json\/wp\/v2\/media?parent=6566"}],"wp:term":[{"taxonomy":"product_brand","embeddable":true,"href":"https:\/\/ehalal.it\/ar\/wp-json\/wp\/v2\/product_brand?post=6566"},{"taxonomy":"product_cat","embeddable":true,"href":"https:\/\/ehalal.it\/ar\/wp-json\/wp\/v2\/product_cat?post=6566"},{"taxonomy":"product_tag","embeddable":true,"href":"https:\/\/ehalal.it\/ar\/wp-json\/wp\/v2\/product_tag?post=6566"}],"curies":[{"name":"wp","href":"https:\/\/api.w.org\/{rel}","templated":true}]}}