{"id":6569,"date":"2025-02-22T00:44:15","date_gmt":"2025-02-22T00:44:15","guid":{"rendered":"https:\/\/ehalal.it\/?post_type=product&#038;p=6569"},"modified":"2025-02-27T00:29:04","modified_gmt":"2025-02-27T00:29:04","slug":"saucisse-halal-de-boeuf","status":"publish","type":"product","link":"https:\/\/ehalal.it\/ar\/product\/saucisse-halal-de-boeuf\/","title":{"rendered":"\u0646\u0642\u0627\u0646\u0642 \u0644\u062d\u0645 \u0627\u0644\u0628\u0642\u0631 \u0627\u0644\u062d\u0644\u0627\u0644"},"content":{"rendered":"<p>D\u00e9couvrez notre Saucisse Halal de b\u0153uf, une d\u00e9licatesse compos\u00e9e \u00e0 60 % de viande d&#8217;agneau et le reste de b\u0153uf, pour un go\u00fbt d\u00e9licat et agr\u00e9able. Cette saucisse est sans lactose, sans gluten et sans ingr\u00e9dients OGM, emball\u00e9e sous vide pour pr\u00e9server sa fra\u00eecheur et sa qualit\u00e9.<\/p>","protected":false},"excerpt":{"rendered":"<p>D\u00e9couvrez notre Saucisse Halal de b\u0153uf, une d\u00e9licatesse compos\u00e9e \u00e0 60 % de viande d&#8217;agneau et le reste de b\u0153uf, pour un go\u00fbt d\u00e9licat et agr\u00e9able. Cette saucisse est sans lactose, sans gluten et sans ingr\u00e9dients OGM, emball\u00e9e sous vide pour pr\u00e9server sa fra\u00eecheur et sa qualit\u00e9.<\/p>","protected":false},"featured_media":6604,"comment_status":"open","ping_status":"closed","template":"","meta":[],"product_brand":[],"product_cat":[111],"product_tag":[156,174,175],"class_list":{"0":"post-6569","1":"product","2":"type-product","3":"status-publish","4":"has-post-thumbnail","6":"product_cat-charcuterie","7":"product_tag-halal","8":"product_tag-saucisse","9":"product_tag-saucisse-halal-de-boeuf","11":"first","12":"instock","13":"purchasable","14":"product-type-simple"},"_links":{"self":[{"href":"https:\/\/ehalal.it\/ar\/wp-json\/wp\/v2\/product\/6569","targetHints":{"allow":["GET"]}}],"collection":[{"href":"https:\/\/ehalal.it\/ar\/wp-json\/wp\/v2\/product"}],"about":[{"href":"https:\/\/ehalal.it\/ar\/wp-json\/wp\/v2\/types\/product"}],"replies":[{"embeddable":true,"href":"https:\/\/ehalal.it\/ar\/wp-json\/wp\/v2\/comments?post=6569"}],"wp:featuredmedia":[{"embeddable":true,"href":"https:\/\/ehalal.it\/ar\/wp-json\/wp\/v2\/media\/6604"}],"wp:attachment":[{"href":"https:\/\/ehalal.it\/ar\/wp-json\/wp\/v2\/media?parent=6569"}],"wp:term":[{"taxonomy":"product_brand","embeddable":true,"href":"https:\/\/ehalal.it\/ar\/wp-json\/wp\/v2\/product_brand?post=6569"},{"taxonomy":"product_cat","embeddable":true,"href":"https:\/\/ehalal.it\/ar\/wp-json\/wp\/v2\/product_cat?post=6569"},{"taxonomy":"product_tag","embeddable":true,"href":"https:\/\/ehalal.it\/ar\/wp-json\/wp\/v2\/product_tag?post=6569"}],"curies":[{"name":"wp","href":"https:\/\/api.w.org\/{rel}","templated":true}]}}