{"id":6573,"date":"2025-02-22T00:48:47","date_gmt":"2025-02-22T00:48:47","guid":{"rendered":"https:\/\/ehalal.it\/?post_type=product&#038;p=6573"},"modified":"2025-02-27T00:28:26","modified_gmt":"2025-02-27T00:28:26","slug":"roti-de-dinde-halal","status":"publish","type":"product","link":"https:\/\/ehalal.it\/ar\/product\/roti-de-dinde-halal\/","title":{"rendered":"\u062f\u064a\u0643 \u0631\u0648\u0645\u064a \u0645\u0634\u0648\u064a \u062d\u0644\u0627\u0644"},"content":{"rendered":"<p>D\u00e9couvrez notre R\u00f4ti de Dinde Halal, un produit l\u00e9ger et sain qui se marie parfaitement avec tous les plats. Pr\u00e9par\u00e9 \u00e0 partir de viande de dinde certifi\u00e9e Halal et enrichi d&#8217;\u00e9pices et d&#8217;ar\u00f4mes naturels, il est sans lactose, sans gluten et sans ingr\u00e9dients OGM. Emball\u00e9 sous vide pour garantir fra\u00eecheur et qualit\u00e9.<\/p>","protected":false},"excerpt":{"rendered":"<p>D\u00e9couvrez notre R\u00f4ti de Dinde Halal, un produit l\u00e9ger et sain qui se marie parfaitement avec tous les plats. Pr\u00e9par\u00e9 \u00e0 partir de viande de dinde certifi\u00e9e Halal et enrichi d&#8217;\u00e9pices et d&#8217;ar\u00f4mes naturels, il est sans lactose, sans gluten et sans ingr\u00e9dients OGM. Emball\u00e9 sous vide pour garantir fra\u00eecheur et qualit\u00e9.<\/p>","protected":false},"featured_media":6586,"comment_status":"open","ping_status":"closed","template":"","meta":[],"product_brand":[],"product_cat":[111],"product_tag":[164,156,163,162],"class_list":{"0":"post-6573","1":"product","2":"type-product","3":"status-publish","4":"has-post-thumbnail","6":"product_cat-charcuterie","7":"product_tag-dinde","8":"product_tag-halal","9":"product_tag-roti","10":"product_tag-roti-de-dinde-halal","12":"first","13":"instock","14":"purchasable","15":"product-type-simple"},"_links":{"self":[{"href":"https:\/\/ehalal.it\/ar\/wp-json\/wp\/v2\/product\/6573","targetHints":{"allow":["GET"]}}],"collection":[{"href":"https:\/\/ehalal.it\/ar\/wp-json\/wp\/v2\/product"}],"about":[{"href":"https:\/\/ehalal.it\/ar\/wp-json\/wp\/v2\/types\/product"}],"replies":[{"embeddable":true,"href":"https:\/\/ehalal.it\/ar\/wp-json\/wp\/v2\/comments?post=6573"}],"wp:featuredmedia":[{"embeddable":true,"href":"https:\/\/ehalal.it\/ar\/wp-json\/wp\/v2\/media\/6586"}],"wp:attachment":[{"href":"https:\/\/ehalal.it\/ar\/wp-json\/wp\/v2\/media?parent=6573"}],"wp:term":[{"taxonomy":"product_brand","embeddable":true,"href":"https:\/\/ehalal.it\/ar\/wp-json\/wp\/v2\/product_brand?post=6573"},{"taxonomy":"product_cat","embeddable":true,"href":"https:\/\/ehalal.it\/ar\/wp-json\/wp\/v2\/product_cat?post=6573"},{"taxonomy":"product_tag","embeddable":true,"href":"https:\/\/ehalal.it\/ar\/wp-json\/wp\/v2\/product_tag?post=6573"}],"curies":[{"name":"wp","href":"https:\/\/api.w.org\/{rel}","templated":true}]}}