{"id":5333,"date":"2025-01-15T00:19:10","date_gmt":"2025-01-15T00:19:10","guid":{"rendered":"https:\/\/ehalal.it\/?page_id=5333"},"modified":"2025-02-08T21:06:58","modified_gmt":"2025-02-08T21:06:58","slug":"inscrivez-vous","status":"publish","type":"page","link":"https:\/\/ehalal.it\/de\/inscrivez-vous\/","title":{"rendered":"Inscrivez Vous"},"content":{"rendered":"<div data-elementor-type=\"wp-page\" data-elementor-id=\"5333\" class=\"elementor elementor-5333\" data-elementor-post-type=\"page\">\n\t\t\t\t<div class=\"elementor-element elementor-element-dbe44e5 e-con-full e-flex e-con e-parent\" data-id=\"dbe44e5\" data-element_type=\"container\" data-e-type=\"container\" data-settings=\"{&quot;ekit_has_onepagescroll_dot&quot;:&quot;yes&quot;}\">\r\n\t\t<div class=\"elementor-element elementor-element-de7f7e5 e-con-full e-flex e-con e-child\" data-id=\"de7f7e5\" data-element_type=\"container\" data-e-type=\"container\" data-settings=\"{&quot;ekit_has_onepagescroll_dot&quot;:&quot;yes&quot;}\">\r\n\t\t<div class=\"elementor-element elementor-element-d19b4ba e-con-full e-flex e-con e-child\" data-id=\"d19b4ba\" data-element_type=\"container\" data-e-type=\"container\" data-settings=\"{&quot;ekit_has_onepagescroll_dot&quot;:&quot;yes&quot;}\">\r\n\t\t<div class=\"elementor-element elementor-element-5835b87 e-con-full e-flex e-con e-child\" data-id=\"5835b87\" data-element_type=\"container\" data-e-type=\"container\" data-settings=\"{&quot;ekit_has_onepagescroll_dot&quot;:&quot;yes&quot;}\">\r\n\t\t\t\t<div class=\"elementor-element elementor-element-6a11130 elementor-widget elementor-widget-shortcode\" data-id=\"6a11130\" data-element_type=\"widget\" data-e-type=\"widget\" data-settings=\"{&quot;ekit_we_effect_on&quot;:&quot;none&quot;}\" data-widget_type=\"shortcode.default\">\n\t\t\t\t<div class=\"elementor-widget-container\">\n\t\t\t\t\t\t\t<div class=\"elementor-shortcode\"><div class=\"trp_language_switcher_shortcode\">\n<div class=\"trp-language-switcher trp-language-switcher-container\" data-no-translation>\n    <div class=\"trp-ls-shortcode-current-language\">\n        <a href=\"#\" class=\"trp-ls-shortcode-disabled-language trp-ls-disabled-language\" title=\"Deutsch\" onclick=\"event.preventDefault()\">\n\t\t\t<img decoding=\"async\" class=\"trp-flag-image\" src=\"https:\/\/ehalal.it\/wp-content\/plugins\/translatepress-multilingual\/assets\/images\/flags\/de_DE.png\" width=\"18\" height=\"12\" alt=\"de_DE\" title=\"Deutsch\"> DE\t\t<\/a>\n    <\/div>\n    <div class=\"trp-ls-shortcode-language\">\n                <a href=\"#\" class=\"trp-ls-shortcode-disabled-language trp-ls-disabled-language\"  title=\"Deutsch\" onclick=\"event.preventDefault()\">\n\t\t\t<img decoding=\"async\" class=\"trp-flag-image\" src=\"https:\/\/ehalal.it\/wp-content\/plugins\/translatepress-multilingual\/assets\/images\/flags\/de_DE.png\" width=\"18\" height=\"12\" alt=\"de_DE\" title=\"Deutsch\"> DE\t\t<\/a>\n                    <a href=\"https:\/\/ehalal.it\/de\/wp-json\/wp\/v2\/pages\/5333\" title=\"Fran\u00e7ais\">\n            <img decoding=\"async\" class=\"trp-flag-image\" src=\"https:\/\/ehalal.it\/wp-content\/plugins\/translatepress-multilingual\/assets\/images\/flags\/fr_FR.png\" width=\"18\" height=\"12\" alt=\"fr_FR\" title=\"Fran\u00e7ais\"> FR        <\/a>\n\n            <a href=\"https:\/\/ehalal.it\/de\/wp-json\/wp\/v2\/pages\/5333\" title=\"Italiano\">\n            <img decoding=\"async\" class=\"trp-flag-image\" src=\"https:\/\/ehalal.it\/wp-content\/plugins\/translatepress-multilingual\/assets\/images\/flags\/it_IT.png\" width=\"18\" height=\"12\" alt=\"it_IT\" title=\"Italiano\"> IT        <\/a>\n\n            <a href=\"https:\/\/ehalal.it\/de\/wp-json\/wp\/v2\/pages\/5333\" title=\"\u0627\u0644\u0639\u0631\u0628\u064a\u0629\">\n            <img loading=\"lazy\" decoding=\"async\" class=\"trp-flag-image\" src=\"https:\/\/ehalal.it\/wp-content\/plugins\/translatepress-multilingual\/assets\/images\/flags\/ar.png\" width=\"18\" height=\"12\" alt=\"ar\" title=\"\u0627\u0644\u0639\u0631\u0628\u064a\u0629\"> AR        <\/a>\n\n            <a href=\"https:\/\/ehalal.it\/de\/wp-json\/wp\/v2\/pages\/5333\" title=\"English (UK)\">\n            <img loading=\"lazy\" decoding=\"async\" class=\"trp-flag-image\" src=\"https:\/\/ehalal.it\/wp-content\/plugins\/translatepress-multilingual\/assets\/images\/flags\/en_GB.png\" width=\"18\" height=\"12\" alt=\"en_GB\" title=\"English (UK)\"> EN        <\/a>\n\n        <\/div>\n    <script type=\"application\/javascript\">\n        \/\/ need to have the same with set from JS on both divs. Otherwise it can push stuff around in HTML\n        var trp_ls_shortcodes = document.querySelectorAll('.trp_language_switcher_shortcode .trp-language-switcher');\n        if ( trp_ls_shortcodes.length > 0) {\n            \/\/ get the last language switcher added\n            var trp_el = trp_ls_shortcodes[trp_ls_shortcodes.length - 1];\n\n            var trp_shortcode_language_item = trp_el.querySelector( '.trp-ls-shortcode-language' )\n            \/\/ set width\n            var trp_ls_shortcode_width                                               = trp_shortcode_language_item.offsetWidth + 16;\n            trp_shortcode_language_item.style.width                                  = trp_ls_shortcode_width + 'px';\n            trp_el.querySelector( '.trp-ls-shortcode-current-language' ).style.width = trp_ls_shortcode_width + 'px';\n\n            \/\/ We're putting this on display: none after we have its width.\n            trp_shortcode_language_item.style.display = 'none';\n        }\n    <\/script>\n<\/div>\n<\/div><\/div>\n\t\t\t\t\t\t<\/div>\n\t\t\t\t<\/div>\n\t\t\t\t<\/div>\n\t\t\t\t<div class=\"elementor-element elementor-element-1e3a862 elementor-widget elementor-widget-theme-site-logo elementor-widget-image\" data-id=\"1e3a862\" data-element_type=\"widget\" data-e-type=\"widget\" data-settings=\"{&quot;ekit_we_effect_on&quot;:&quot;none&quot;}\" data-widget_type=\"theme-site-logo.default\">\n\t\t\t\t<div class=\"elementor-widget-container\">\n\t\t\t\t\t\t\t\t\t\t\t<a href=\"https:\/\/ehalal.it\/de\">\n\t\t\t<img loading=\"lazy\" decoding=\"async\" width=\"424\" height=\"240\" src=\"https:\/\/ehalal.it\/wp-content\/uploads\/image00001-removebg-preview-e1740184168731.png\" class=\"attachment-full size-full wp-image-6547\" alt=\"\" srcset=\"https:\/\/ehalal.it\/wp-content\/uploads\/image00001-removebg-preview-e1740184168731.png 424w, https:\/\/ehalal.it\/wp-content\/uploads\/image00001-removebg-preview-e1740184168731-400x226.png 400w\" sizes=\"(max-width: 424px) 100vw, 424px\" title=\"\">\t\t\t\t<\/a>\n\t\t\t\t\t\t\t\t\t\t\t<\/div>\n\t\t\t\t<\/div>\n\t\t\t\t<\/div>\n\t\t<div class=\"elementor-element elementor-element-bb4fa0e e-con-full e-flex e-con e-child\" data-id=\"bb4fa0e\" data-element_type=\"container\" data-e-type=\"container\" data-settings=\"{&quot;ekit_has_onepagescroll_dot&quot;:&quot;yes&quot;}\">\r\n\t\t\t\t<div class=\"elementor-element elementor-element-1782696 elementor-widget elementor-widget-heading\" data-id=\"1782696\" data-element_type=\"widget\" data-e-type=\"widget\" data-settings=\"{&quot;ekit_we_effect_on&quot;:&quot;none&quot;}\" data-widget_type=\"heading.default\">\n\t\t\t\t<div class=\"elementor-widget-container\">\n\t\t\t\t\t<h2 class=\"elementor-heading-title elementor-size-default\">Inscrivez Vous<\/h2>\t\t\t\t<\/div>\n\t\t\t\t<\/div>\n\t\t\t\t<div class=\"elementor-element elementor-element-e9dbfe8 elementor-widget__width-inherit elementor-widget elementor-widget-shortcode\" data-id=\"e9dbfe8\" data-element_type=\"widget\" data-e-type=\"widget\" data-settings=\"{&quot;ekit_we_effect_on&quot;:&quot;none&quot;}\" data-widget_type=\"shortcode.default\">\n\t\t\t\t<div class=\"elementor-widget-container\">\n\t\t\t\t\t\t\t<div class=\"elementor-shortcode\"><div class=\"forminator-ui forminator-custom-form forminator-custom-form-5336 forminator-design--flat  forminator_ajax\" data-forminator-render=\"0\" data-form=\"forminator-module-5336\" data-uid=\"6a0604019afa3\"><br\/><\/div><form\r\n\t\t\t\tid=\"forminator-module-5336\"\r\n\t\t\t\tclass=\"forminator-ui forminator-custom-form forminator-custom-form-5336 forminator-design--flat  forminator_ajax\"\r\n\t\t\t\tmethod=\"post\"\r\n\t\t\t\tdata-forminator-render=\"0\"\r\n\t\t\t\tdata-form-id=\"5336\"\r\n\t\t\t\t\r\n\t\t\t\tdata-design=\"flat\"\r\n\t\t\t\t\r\n\t\t\t\t\r\n\t\t\t\t\r\n\t\t\t\tdata-grid=\"open\"\r\n\t\t\t\t\r\n\t\t\t\t\r\n\t\t\t\tstyle=\"display: none;\"\r\n\t\t\t\t\r\n\t\t\t\tdata-uid=\"6a0604019afa3\" action=\"\"\r\n\t\t\t><div role=\"alert\" aria-live=\"polite\" class=\"forminator-response-message forminator-error\" aria-hidden=\"true\"><\/div><div class=\"forminator-row\"><div id=\"name-1\" class=\"forminator-field-name forminator-col forminator-col-6\"><div class=\"forminator-field\"><input type=\"text\" name=\"name-1\" value=\"\" placeholder=\"Nom\" id=\"forminator-field-name-1_6a0604019afa3\" class=\"forminator-input forminator-name--field\" aria-required=\"true\" \/><\/div><\/div><div id=\"name-2\" class=\"forminator-field-name forminator-col forminator-col-6\"><div class=\"forminator-field\"><input type=\"text\" name=\"name-2\" value=\"\" placeholder=\"Pr\u00e9nom\" id=\"forminator-field-name-2_6a0604019afa3\" class=\"forminator-input forminator-name--field\" aria-required=\"true\" \/><\/div><\/div><\/div><div class=\"forminator-row\"><div id=\"text-1\" class=\"forminator-field-text forminator-col forminator-col-12\"><div class=\"forminator-field\"><input type=\"text\" name=\"text-1\" value=\"\" placeholder=\"Nom d&#039;utilisateur\" id=\"forminator-field-text-1_6a0604019afa3\" class=\"forminator-input forminator-name--field\" data-required=\"true\" \/><\/div><\/div><\/div><div class=\"forminator-row\"><div id=\"email-1\" class=\"forminator-field-email forminator-col forminator-col-12\"><div class=\"forminator-field\"><input type=\"email\" name=\"email-1\" value=\"\" placeholder=\"Adresse E-mail\" id=\"forminator-field-email-1_6a0604019afa3\" class=\"forminator-input forminator-email--field\" data-required=\"true\" aria-required=\"true\" \/><\/div><\/div><\/div><div class=\"forminator-row\"><div id=\"password-1\" class=\"forminator-field-password forminator-col forminator-col-12\"><div class=\"forminator-field\"><input name=\"password-1\" value=\"\" placeholder=\"Passwort\" id=\"forminator-field-password-1_6a0604019afa3\" class=\"forminator-input forminator-name--field\" data-required=\"true\" type=\"password\" \/><\/div><\/div><\/div><div class=\"forminator-row\"><div id=\"consent-1\" class=\"forminator-field-consent forminator-col forminator-col-12\"><div class=\"forminator-field\"><div class=\"forminator-checkbox__wrapper\"><label for=\"forminator-field-consent-1_6a0604019afa3\" id=\"forminator-field-consent-1_6a0604019afa3__label\" class=\"forminator-checkbox forminator-consent\"><input type=\"checkbox\" name=\"consent-1\" id=\"forminator-field-consent-1_6a0604019afa3\" value=\"checked\" aria-labelledby=\"forminator-field-consent-1_6a0604019afa3-label\" aria-describedby=\"forminator-field-consent-1_6a0604019afa3__description\" data-required=\"true\" aria-required=\"true\" \/><span class=\"forminator-checkbox-box\" aria-hidden=\"true\"><\/span><\/label><div id=\"forminator-field-consent-1_6a0604019afa3__description\" class=\"forminator-checkbox__label forminator-consent__label\"><p>Oui, j'accepte la <a rel=\"noopener\" target=\"_blank\" href=\"https:\/\/ehalal.it\/de\/politique-de-confidentialite\/\" style=\"color:#5D7E39\">politique de confidentialit\u00e9<\/a> et les <a rel=\"noopener\" target=\"_blank\" href=\"https:\/\/ehalal.it\/de\/termes-et-conditions\/\" style=\"color:#5D7E39\">termes et conditions<\/a>.<\/p><\/div><\/div><\/div><\/div><\/div><input type=\"hidden\" name=\"referer_url\" value=\"\" \/><div class=\"forminator-row forminator-row-last\"><div class=\"forminator-col\"><div class=\"forminator-field\"><button class=\"forminator-button forminator-button-submit\">Inscrivez-vous<\/button><\/div><\/div><\/div><input type=\"hidden\" id=\"forminator_nonce\" name=\"forminator_nonce\" value=\"3b7cc6c9da\" \/><input type=\"hidden\" name=\"_wp_http_referer\" value=\"\/de\/wp-json\/wp\/v2\/pages\/5333\" \/><input type=\"hidden\" name=\"form_id\" value=\"5336\"><input type=\"hidden\" name=\"page_id\" value=\"5333\"><input type=\"hidden\" name=\"form_type\" value=\"registration\"><input type=\"hidden\" name=\"current_url\" value=\"https:\/\/ehalal.it\/de\/inscrivez-vous\/\"><input type=\"hidden\" name=\"render_id\" value=\"0\"><input type=\"hidden\" name=\"action\" value=\"forminator_submit_form_custom-forms\"><label for=\"input_7\" class=\"forminator-hidden\" aria-hidden=\"true\">Please do not fill in this field. <input id=\"input_7\" type=\"text\" name=\"input_7\" value=\"\" autocomplete=\"off\"><\/label><input type=\"hidden\" name=\"trp-form-language\" value=\"de\"\/><\/form><\/div>\n\t\t\t\t\t\t<\/div>\n\t\t\t\t<\/div>\n\t\t\t\t<div class=\"elementor-element elementor-element-6d3fd52 elementor-widget__width-inherit elementor-widget elementor-widget-text-editor\" data-id=\"6d3fd52\" data-element_type=\"widget\" data-e-type=\"widget\" data-settings=\"{&quot;ekit_we_effect_on&quot;:&quot;none&quot;}\" data-widget_type=\"text-editor.default\">\n\t\t\t\t<div class=\"elementor-widget-container\">\n\t\t\t\t\t\t\t\t\tVous avez d\u00e9j\u00e0 un compte? <a style=\"color: #5d7e39;\" href=\"\/de\/se-connecter\/\">Connectez-vous !<\/a>\t\t\t\t\t\t\t\t<\/div>\n\t\t\t\t<\/div>\n\t\t\t\t<\/div>\n\t\t<div class=\"elementor-element elementor-element-da6e7eb e-con-full e-flex e-con e-child\" data-id=\"da6e7eb\" data-element_type=\"container\" data-e-type=\"container\" data-settings=\"{&quot;ekit_has_onepagescroll_dot&quot;:&quot;yes&quot;}\">\r\n\t\t\t\t<div class=\"elementor-element elementor-element-baa5941 elementor-widget elementor-widget-text-editor\" data-id=\"baa5941\" data-element_type=\"widget\" data-e-type=\"widget\" data-settings=\"{&quot;ekit_we_effect_on&quot;:&quot;none&quot;}\" data-widget_type=\"text-editor.default\">\n\t\t\t\t<div class=\"elementor-widget-container\">\n\t\t\t\t\t\t\t\t\t\u00a9 2024 <a href=\"\/de\/\" style=\"color:#5D7E39\">Euro Halal<\/a> \u2013 Alle Rechte vorbehalten \t\t\t\t\t\t\t\t<\/div>\n\t\t\t\t<\/div>\n\t\t\t\t<\/div>\n\t\t\t\t<\/div>\n\t\t<div class=\"elementor-element elementor-element-53d9e06 e-con-full elementor-hidden-mobile e-flex e-con e-child\" data-id=\"53d9e06\" data-element_type=\"container\" data-e-type=\"container\" data-settings=\"{&quot;background_background&quot;:&quot;classic&quot;,&quot;ekit_has_onepagescroll_dot&quot;:&quot;yes&quot;}\">\r\n\t\t\t\t<\/div>\n\t\t\t\t<\/div>\n\t\t\t\t<\/div>","protected":false},"excerpt":{"rendered":"<p>Inscrivez Vous Vous avez d\u00e9j\u00e0 un compte? Connectez-vous !&copy; 2024 Euro Halal &#8211; Tous droits r\u00e9serv\u00e9s<\/p>","protected":false},"author":1,"featured_media":5033,"parent":0,"menu_order":0,"comment_status":"closed","ping_status":"closed","template":"elementor_canvas","meta":{"footnotes":""},"class_list":["post-5333","page","type-page","status-publish","has-post-thumbnail","hentry"],"_links":{"self":[{"href":"https:\/\/ehalal.it\/de\/wp-json\/wp\/v2\/pages\/5333","targetHints":{"allow":["GET"]}}],"collection":[{"href":"https:\/\/ehalal.it\/de\/wp-json\/wp\/v2\/pages"}],"about":[{"href":"https:\/\/ehalal.it\/de\/wp-json\/wp\/v2\/types\/page"}],"author":[{"embeddable":true,"href":"https:\/\/ehalal.it\/de\/wp-json\/wp\/v2\/users\/1"}],"replies":[{"embeddable":true,"href":"https:\/\/ehalal.it\/de\/wp-json\/wp\/v2\/comments?post=5333"}],"version-history":[{"count":40,"href":"https:\/\/ehalal.it\/de\/wp-json\/wp\/v2\/pages\/5333\/revisions"}],"predecessor-version":[{"id":6387,"href":"https:\/\/ehalal.it\/de\/wp-json\/wp\/v2\/pages\/5333\/revisions\/6387"}],"wp:featuredmedia":[{"embeddable":true,"href":"https:\/\/ehalal.it\/de\/wp-json\/wp\/v2\/media\/5033"}],"wp:attachment":[{"href":"https:\/\/ehalal.it\/de\/wp-json\/wp\/v2\/media?parent=5333"}],"curies":[{"name":"wp","href":"https:\/\/api.w.org\/{rel}","templated":true}]}}