{"id":6570,"date":"2025-02-22T00:46:04","date_gmt":"2025-02-22T00:46:04","guid":{"rendered":"https:\/\/ehalal.it\/?post_type=product&#038;p=6570"},"modified":"2025-02-27T00:28:55","modified_gmt":"2025-02-27T00:28:55","slug":"nduja-calabrese-halal","status":"publish","type":"product","link":"https:\/\/ehalal.it\/de\/product\/nduja-calabrese-halal\/","title":{"rendered":"Nduja Calabrese Halal"},"content":{"rendered":"<p>D\u00e9couvrez notre Nduja Calabrese Halal, un saucisson mou et tartinable pr\u00e9par\u00e9 avec de la viande de b\u0153uf certifi\u00e9e Halal et aromatis\u00e9 avec du piment de premi\u00e8re qualit\u00e9. Affin\u00e9e et fum\u00e9e naturellement, cette nduja est sans lactose, sans gluten et sans ingr\u00e9dients OGM, emball\u00e9e sous vide pour pr\u00e9server sa fra\u00eecheur et sa qualit\u00e9. Id\u00e9ale pour enrichir vos plats avec une touche de piquant authentique.<\/p>","protected":false},"excerpt":{"rendered":"<p>D\u00e9couvrez notre Nduja Calabrese Halal, un saucisson mou et tartinable pr\u00e9par\u00e9 avec de la viande de b\u0153uf certifi\u00e9e Halal et aromatis\u00e9 avec du piment de premi\u00e8re qualit\u00e9. Affin\u00e9e et fum\u00e9e naturellement, cette nduja est sans lactose, sans gluten et sans ingr\u00e9dients OGM, emball\u00e9e sous vide pour pr\u00e9server sa fra\u00eecheur et sa qualit\u00e9. Id\u00e9ale pour enrichir vos plats avec une touche de piquant authentique.<\/p>","protected":false},"featured_media":6584,"comment_status":"open","ping_status":"closed","template":"","meta":[],"product_brand":[],"product_cat":[111],"product_tag":[156,161,169,168,170],"class_list":{"0":"post-6570","1":"product","2":"type-product","3":"status-publish","4":"has-post-thumbnail","6":"product_cat-charcuterie","7":"product_tag-halal","8":"product_tag-italien","9":"product_tag-nduja","10":"product_tag-nduja-calabrese-halal","11":"product_tag-saucisson","13":"first","14":"instock","15":"purchasable","16":"product-type-simple"},"_links":{"self":[{"href":"https:\/\/ehalal.it\/de\/wp-json\/wp\/v2\/product\/6570","targetHints":{"allow":["GET"]}}],"collection":[{"href":"https:\/\/ehalal.it\/de\/wp-json\/wp\/v2\/product"}],"about":[{"href":"https:\/\/ehalal.it\/de\/wp-json\/wp\/v2\/types\/product"}],"replies":[{"embeddable":true,"href":"https:\/\/ehalal.it\/de\/wp-json\/wp\/v2\/comments?post=6570"}],"wp:featuredmedia":[{"embeddable":true,"href":"https:\/\/ehalal.it\/de\/wp-json\/wp\/v2\/media\/6584"}],"wp:attachment":[{"href":"https:\/\/ehalal.it\/de\/wp-json\/wp\/v2\/media?parent=6570"}],"wp:term":[{"taxonomy":"product_brand","embeddable":true,"href":"https:\/\/ehalal.it\/de\/wp-json\/wp\/v2\/product_brand?post=6570"},{"taxonomy":"product_cat","embeddable":true,"href":"https:\/\/ehalal.it\/de\/wp-json\/wp\/v2\/product_cat?post=6570"},{"taxonomy":"product_tag","embeddable":true,"href":"https:\/\/ehalal.it\/de\/wp-json\/wp\/v2\/product_tag?post=6570"}],"curies":[{"name":"wp","href":"https:\/\/api.w.org\/{rel}","templated":true}]}}