{"id":3,"date":"2017-09-27T15:53:00","date_gmt":"2017-09-27T15:53:00","guid":{"rendered":"https:\/\/ehalal.it\/?page_id=3"},"modified":"2025-02-11T19:18:14","modified_gmt":"2025-02-11T19:18:14","slug":"politique-de-confidentialite","status":"publish","type":"page","link":"https:\/\/ehalal.it\/en\/politique-de-confidentialite\/","title":{"rendered":"Privacy Policy"},"content":{"rendered":"<div data-elementor-type=\"wp-post\" data-elementor-id=\"3\" class=\"elementor elementor-3\" data-elementor-post-type=\"page\">\n\t\t\t\t<div class=\"porto_stretch_css stretch_row_css elementor-element elementor-element-83fd1ea e-con-full e-flex e-con e-parent\" data-id=\"83fd1ea\" data-element_type=\"container\" data-e-type=\"container\" data-settings=\"{&quot;background_background&quot;:&quot;classic&quot;,&quot;ekit_has_onepagescroll_dot&quot;:&quot;yes&quot;}\">\r\n\t\t\t\t<div class=\"elementor-element elementor-element-db2a329 elementor-widget elementor-widget-elementskit-heading\" data-id=\"db2a329\" data-element_type=\"widget\" data-e-type=\"widget\" data-settings=\"{&quot;ekit_we_effect_on&quot;:&quot;none&quot;}\" data-widget_type=\"elementskit-heading.default\">\n\t\t\t\t<div class=\"elementor-widget-container\">\n\t\t\t\t\t<div class=\"ekit-wid-con\" ><div class=\"ekit-heading elementskit-section-title-wraper text_center   ekit_heading_tablet-   ekit_heading_mobile-\"><h2 class=\"ekit-heading--title elementskit-section-title\">Policy of <span><span>Confidentiality<\/span><\/span><\/h2><div class=\"ekit_heading_separetor_wraper ekit_heading_elementskit-border-divider elementskit-style-long\"><div class=\"elementskit-border-divider elementskit-style-long\"><\/div><\/div><\/div><\/div>\t\t\t\t<\/div>\n\t\t\t\t<\/div>\n\t\t\t\t<\/div>\n\t\t<div class=\"porto_stretch_css stretch_row_css elementor-element elementor-element-e6c4373 e-con-full e-flex e-con e-parent\" data-id=\"e6c4373\" data-element_type=\"container\" data-e-type=\"container\" data-settings=\"{&quot;ekit_has_onepagescroll_dot&quot;:&quot;yes&quot;}\">\r\n\t\t\t\t<div class=\"elementor-element elementor-element-ff5611f elementor-widget elementor-widget-text-editor\" data-id=\"ff5611f\" data-element_type=\"widget\" data-e-type=\"widget\" data-settings=\"{&quot;ekit_we_effect_on&quot;:&quot;none&quot;}\" data-widget_type=\"text-editor.default\">\n\t\t\t\t<div class=\"elementor-widget-container\">\n\t\t\t\t\t\t\t\t\t<p><strong>DATA CONTROLLER FOR PRIVACY AND GENERAL INFORMATION<\/strong><\/p><p><span class=\"jCAhz ChMk0b\"><span class=\"ryNqvb\">X, whose registered office is located in X, is responsible for processing the personal data provided by users.<\/span><\/span><\/p><p><span class=\"jCAhz ChMk0b\"><span class=\"ryNqvb\">X is committed to protecting the right to protection of Users&#039; personal data. <\/span><\/span><\/p><p><span class=\"jCAhz ChMk0b\"><span class=\"ryNqvb\">This privacy policy is provided to users in accordance with and for the purposes of national and European legislation on the protection of personal data, namely Regulation (EU) 2016\/679 of the European Parliament and of the Council of 27 April 2016 on the protection of natural persons with regard to the processing of personal data and on the free movement of such data (GDPR), in addition to any other legislation on the protection of personal data applicable in Italy, including the provisions of the Guarantor.<\/span><\/span><\/p><p><span class=\"jCAhz\"><span class=\"ryNqvb\">Please read the following carefully to understand our considerations and practices regarding personal data and how we will treat it.<\/span><\/span><\/p><p><strong><span class=\"jCAhz\"><span class=\"ryNqvb\">DATA PROCESSING MANAGERS<\/span><\/span><\/strong><\/p><p><span class=\"jCAhz ChMk0b\"><span class=\"ryNqvb\">The Data Controller uses subcontractors to achieve the purposes indicated below and a Data Protection Officer (DPO) appointed to monitor the protection of personal data. <\/span><\/span><span class=\"jCAhz ChMk0b\"><span class=\"ryNqvb\">We remind you that you can contact the Data Protection Officer at any time and address any questions or requests relating to your personal data and respect for your privacy by writing to the address X.<\/span><\/span><\/p><p><strong><span class=\"jCAhz\"><span class=\"ryNqvb\">TYPES OF DATA COLLECTED<\/span><\/span><\/strong><\/p><p>Among the Personal Data collected by this Application, independently or through third parties, may be: email, name, surname, delivery address, postal code, delivery city, mobile phone number, tax code or VAT number, Cookies and Application Usage Data.<\/p><p>Personal Data may be directly provided by the User or, in case of Usage Data, collected automatically when using this Application.<\/p><p><span class=\"jCAhz ChMk0b\"><span class=\"ryNqvb\">Unless otherwise specified, all Data requested by this Application is mandatory.<\/span><\/span> <span class=\"jCAhz ChMk0b\"><span class=\"ryNqvb\">If the User refuses to communicate them, it may be impossible for this Application to provide the Service.<\/span><\/span> <span class=\"jCAhz ChMk0b\"><span class=\"ryNqvb\">In cases where this Application indicates some Data as optional, Users are free to refrain from communicating this Data, without this having any consequences on the availability of the Service or on its operation.<\/span><\/span><\/p><p>Users who have doubts about which Data is mandatory are welcome to contact the Owner.<\/p><p>Any use of Cookies \u2013 or of other tracking tools \u2013 by this Application or by the owners of third-party services used by this Application, unless otherwise specified, serves the purpose of providing the Service required by the User, in addition to any other purposes described in this document and in the Cookie Policy, if available.<\/p><p>The User assumes responsibility for the Personal Data of third parties obtained, published or shared through this Application and guarantees that he\/she has the right to communicate or disseminate them, releasing the Owner from any liability towards third parties.<\/p><div class=\"lRu31\" dir=\"ltr\"><strong><span class=\"HwtZe\" lang=\"fr\"><span class=\"jCAhz ChMk0b\"><span class=\"ryNqvb\">METHODS AND PLACE OF PROCESSING OF COLLECTED DATA<\/span><\/span><\/span><\/strong><div class=\"OvtS8d\">\u00a0<\/div><div id=\"ow27\"><strong>Treatment methods<\/strong><\/div><div>\u00a0<\/div><div>The Owner adopts appropriate security measures to prevent unauthorized access, disclosure, modification or destruction of Personal Data.<\/div><div>\u00a0<\/div><\/div><div>The processing is carried out using IT and\/or telematic tools, with organizational methods and logic strictly linked to the purposes indicated.<\/div><div class=\"UdTY9 WdefRb\" aria-hidden=\"true\" data-location=\"2\">\u00a0<\/div><div aria-hidden=\"true\" data-location=\"2\"><span class=\"jCAhz ChMk0b\"><span class=\"ryNqvb\">In addition to the Owner, in some cases, other parties involved in the organization of this Application (administrative, commercial, marketing, legal, system administration staff) or external parties (such as administrative and accounting service providers, couriers and logistics operators, hosting providers and system engineering service providers, collection service providers, IT and online marketing companies) may have access to the Data, also appointed, if necessary, as Data Processors by the Owner.<\/span><\/span> <span class=\"jCAhz ChMk0b\"><span class=\"ryNqvb\">The updated list of Subcontractors can always be requested from the Data Controller.<\/span><\/span> <span class=\"jCAhz ChMk0b\"><span class=\"ryNqvb\">These service providers only have access to the personal data necessary to carry out their tasks.<\/span><\/span> <span class=\"jCAhz ChMk0b\"><span class=\"ryNqvb\">We guarantee that they cannot use the same Data for other purposes and are also required to process Personal Data in accordance with this Privacy Policy, and in accordance with applicable personal data protection regulations.<\/span><\/span><\/div><div aria-hidden=\"true\" data-location=\"2\">\u00a0<\/div><div aria-hidden=\"true\" data-location=\"2\"><strong>Legal basis for processing<\/strong><\/div><div aria-hidden=\"true\" data-location=\"2\">\u00a0<\/div><div aria-hidden=\"true\" data-location=\"2\"><strong>The Data Controller processes Personal Data relating to the User if one of the following conditions exists:<\/strong><\/div><div aria-hidden=\"true\" data-location=\"2\">\u00a0<\/div><div aria-hidden=\"true\" data-location=\"2\"><div class=\"lRu31\" dir=\"ltr\"><span class=\"HwtZe\" lang=\"fr\"><span class=\"jCAhz ChMk0b\"><span class=\"ryNqvb\">the User has given consent for one or more specific purposes; <\/span><\/span><span class=\"jCAhz ChMk0b\"><span class=\"ryNqvb\">the processing is necessary for the performance of a contract with the User and\/or the implementation of pre-contractual measures; <\/span><\/span><span class=\"jCAhz JpY6Fd\"><span class=\"ryNqvb\">the processing is necessary for compliance with a legal obligation to which the Controller is subject; <\/span><\/span><span class=\"jCAhz\"><span class=\"ryNqvb\">the processing is necessary for the performance of a task carried out in the public interest or in the exercise of official authority vested in the controller; <\/span><\/span><span class=\"jCAhz JpY6Fd\"><span class=\"ryNqvb\">processing is necessary for the pursuit of the legitimate interests of the Owner or third parties. <\/span><\/span><span class=\"jCAhz JpY6Fd\"><span class=\"ryNqvb\">It is always possible to ask the Owner to clarify the specific legal basis of each processing and in particular to specify whether the processing is based on the law, provided for by a contract or necessary to enter into a contract.<\/span><\/span><\/span><div class=\"OvtS8d\">\u00a0<\/div><div id=\"ow29\"><strong>Place<\/strong><\/div><div>\u00a0<\/div><\/div><\/div><div>The Data is processed at the headquarters of the Data Controller and in any other place where the parties responsible for the processing are located.<\/div><div>\u00a0<\/div><div><span class=\"jCAhz ChMk0b\"><span class=\"ryNqvb\">The User&#039;s Personal Data may be transferred to a country other than the one in which the User is located, even outside the European Union.<\/span><\/span> <span class=\"jCAhz ChMk0b\"><span class=\"ryNqvb\">When such a transfer occurs, we ensure that it is carried out in accordance with this privacy policy and that it provides adequate protection.<\/span><\/span><\/div><div>\u00a0<\/div><div>If any of the transfers described above take place, the User may refer to the respective sections of this document or request information from the Owner by contacting the contact details provided at the beginning.<\/div><div>\u00a0<\/div><div><strong>Shelf life<\/strong><\/div><div>\u00a0<\/div><div><span class=\"jCAhz ChMk0b\"><span class=\"ryNqvb\">The Data is processed and stored for the period necessary for the purposes for which it was collected.<\/span><\/span> <span class=\"jCAhz ChMk0b\"><span class=\"ryNqvb\">In general, the data will be kept until the tenth anniversary after registration on the Platform. <\/span><\/span><\/div><div>\u00a0<\/div><div><strong>The following categories of data may be retained for additional periods:<\/strong><\/div><div>\u00a0<\/div><div><span class=\"jCAhz ChMk0b\"><span class=\"ryNqvb\">Financial and accounting data (e.g. invoices, payments, refunds, etc.) are retained for the period required by applicable tax and accounting laws; <\/span><\/span><span class=\"jCAhz ChMk0b\"><span class=\"ryNqvb\">All user-generated content (e.g., products purchased, behavioral patterns) is anonymized, but remains available for our analysis in aggregate form. <\/span><\/span><span class=\"jCAhz\"><span class=\"ryNqvb\">At the end of the retention period, the Personal Data will be deleted.<\/span><\/span> <span class=\"jCAhz JpY6Fd\"><span class=\"ryNqvb\">Therefore, upon expiry of this period, the right of access, cancellation, rectification and the right to portability of Data can no longer be exercised.<\/span><\/span><\/div><div>\u00a0<\/div><div><strong>PURPOSE OF PROCESSING COLLECTED DATA<\/strong><\/div><div>\u00a0<\/div><div>User Data is collected to allow the Owner to provide and optimize its Services, and in particular to:<\/div><div>\u00a0<\/div><div><span class=\"jCAhz ChMk0b\"><span class=\"ryNqvb\">the identification of the User necessary for access to the Application and the dedicated products and services, as well as to allow the proper performance of the User&#039;s support activity; <\/span><\/span><span class=\"jCAhz ChMk0b\"><span class=\"ryNqvb\">execution of the order and management of collection with appropriate control and security measures on the operation; <\/span><\/span><span class=\"jCAhz ChMk0b\"><span class=\"ryNqvb\">preparation and delivery of orders; <\/span><\/span><span class=\"jCAhz ChMk0b\"><span class=\"ryNqvb\">management of order invoicing and completion of associated administrative and tax procedures; <\/span><\/span><span class=\"jCAhz ChMk0b\"><span class=\"ryNqvb\">after-sales assistance and management of support and contact requests; <\/span><\/span><span class=\"jCAhz ChMk0b\"><span class=\"ryNqvb\">the development of marketing activities relating to our Services as well as to analyze and understand our customers in order to improve our service (including the user interface experience) and optimize the selection of products offered. <\/span><\/span><\/div><div>\u00a0<\/div><div><span class=\"jCAhz ChMk0b\"><span class=\"ryNqvb\">To obtain further information and on the Personal Data specifically relevant for each purpose, the User may request information from the Owner by contacting him at the contact details provided in the opening.<\/span><\/span><\/div><div>\u00a0<\/div><div><strong><span class=\"jCAhz\"><span class=\"ryNqvb\">USER RIGHTS <\/span><\/span><\/strong><\/div><div>\u00a0<\/div><div><span class=\"jCAhz ChMk0b\"><span class=\"ryNqvb\">Users may exercise certain rights regarding the Data processed by the Owner.<\/span><\/span> <span class=\"jCAhz ChMk0b\"><span class=\"ryNqvb\">In particular, the User has the right to: <\/span><\/span><span class=\"jCAhz\"><span class=\"ryNqvb\">revoke consent at any time.<\/span><\/span> <span class=\"jCAhz ChMk0b\"><span class=\"ryNqvb\">The User may revoke the consent to the processing of his Personal Data previously expressed.<\/span><\/span><\/div><div>\u00a0<\/div><div><span class=\"jCAhz ChMk0b\"><span class=\"ryNqvb\">object to the processing of their Data. The User may object to the processing of their Data when it is based on a legal basis other than consent.<\/span><\/span> <span class=\"jCAhz ChMk0b\"><span class=\"ryNqvb\">Further details on the right to object are set out in the section below.<\/span><\/span><\/div><div>\u00a0<\/div><div>access their Data. The User has the right to obtain information about the Data processed by the Owner, about certain aspects of the processing and to receive a copy of the processed Data.<\/div><div>\u00a0<\/div><div><span class=\"jCAhz ChMk0b\"><span class=\"ryNqvb\">check and request a correction.<\/span><\/span> <span class=\"jCAhz JpY6Fd\"><span class=\"ryNqvb\">The User can verify the accuracy of his Data and request their updating or rectification.<\/span><\/span><\/div><div>\u00a0<\/div><div><span class=\"jCAhz ChMk0b\"><span class=\"ryNqvb\">obtain a limitation of processing.<\/span><\/span> <span class=\"jCAhz ChMk0b\"><span class=\"ryNqvb\">When certain conditions apply, the User may request the limitation of the processing of their Data. In this case, the Owner will not process the Data for purposes other than their retention.<\/span><\/span><\/div><div>\u00a0<\/div><div><span class=\"jCAhz ChMk0b\"><span class=\"ryNqvb\">obtain the deletion or removal of your Personal Data.<\/span><\/span> <span class=\"jCAhz ChMk0b\"><span class=\"ryNqvb\">When certain conditions apply, the User can request the Owner to delete his\/her Data.<\/span><\/span><\/div><div>\u00a0<\/div><div><span class=\"jCAhz ChMk0b\"><span class=\"ryNqvb\">receive your Data or have it transferred to another owner.<\/span><\/span> <span class=\"jCAhz ChMk0b\"><span class=\"ryNqvb\">The User has the right to receive his Data in a structured, commonly used and machine-readable format and, where technically feasible, to obtain the transfer without hindrance to another owner.<\/span><\/span> <span class=\"jCAhz ChMk0b\"><span class=\"ryNqvb\">This provision is applicable when the Data is processed with automated tools and the processing is based on the User&#039;s consent, on a contract to which the User is a party or on contractual measures related to it. <\/span><\/span><\/div><div>\u00a0<\/div><div><span class=\"jCAhz ChMk0b\"><span class=\"ryNqvb\">file a complaint.<\/span><\/span> <span class=\"jCAhz ChMk0b\"><span class=\"ryNqvb\">The User may lodge a complaint with the competent supervisory authority for the protection of personal data or take legal action.<\/span><\/span><\/div><div>\u00a0<\/div><div><strong>Details on the right to object<\/strong><\/div><div>\u00a0<\/div><div>Where Personal Data is processed for a public interest, in the exercise of official authority vested in the Owner or for the purposes of pursuing a legitimate interest thereof, Users have the right to object to the processing for reasons relating to their particular situation.<\/div><div>\u00a0<\/div><div>Users are informed that they may, at any time and without having to provide a reason, object to receiving newsletters from the Data Controller by sending an email to X indicating their wish.<\/div><div>\u00a0<\/div><div><strong>How to exercise your rights<\/strong><\/div><div>\u00a0<\/div><div><span class=\"jCAhz ChMk0b\"><span class=\"ryNqvb\">To exercise User rights, Users may direct a request to the Owner&#039;s contact details provided in this document.<\/span><\/span> <span class=\"jCAhz ChMk0b\"><span class=\"ryNqvb\">Requests are processed by the Owner as soon as possible, in any event within one month.<\/span><\/span><\/div>\t\t\t\t\t\t\t\t<\/div>\n\t\t\t\t<\/div>\n\t\t\t\t<\/div>\n\t\t\t\t<\/div>","protected":false},"excerpt":{"rendered":"<p>Politique de Confidentialit\u00e9 RESPONSABLE DU TRAITEMENT DES DONNEES DE CONFIDENTIALITE ET INFORMATIONS GENERALES X, dont le si\u00e8ge social est situ\u00e9 \u00e0 X, est le responsable du traitement des donn\u00e9es personnelles fournies par les utilisateurs. X s&#8217;engage \u00e0 prot\u00e9ger le droit \u00e0 la protection des donn\u00e9es personnelles des Utilisateurs. Cette politique de confidentialit\u00e9 est fournie aux [&hellip;]<\/p>","protected":false},"author":1,"featured_media":0,"parent":0,"menu_order":0,"comment_status":"closed","ping_status":"closed","template":"elementor_theme","meta":{"footnotes":""},"class_list":["post-3","page","type-page","status-publish","hentry"],"_links":{"self":[{"href":"https:\/\/ehalal.it\/en\/wp-json\/wp\/v2\/pages\/3","targetHints":{"allow":["GET"]}}],"collection":[{"href":"https:\/\/ehalal.it\/en\/wp-json\/wp\/v2\/pages"}],"about":[{"href":"https:\/\/ehalal.it\/en\/wp-json\/wp\/v2\/types\/page"}],"author":[{"embeddable":true,"href":"https:\/\/ehalal.it\/en\/wp-json\/wp\/v2\/users\/1"}],"replies":[{"embeddable":true,"href":"https:\/\/ehalal.it\/en\/wp-json\/wp\/v2\/comments?post=3"}],"version-history":[{"count":3,"href":"https:\/\/ehalal.it\/en\/wp-json\/wp\/v2\/pages\/3\/revisions"}],"predecessor-version":[{"id":6295,"href":"https:\/\/ehalal.it\/en\/wp-json\/wp\/v2\/pages\/3\/revisions\/6295"}],"wp:attachment":[{"href":"https:\/\/ehalal.it\/en\/wp-json\/wp\/v2\/media?parent=3"}],"curies":[{"name":"wp","href":"https:\/\/api.w.org\/{rel}","templated":true}]}}