{"id":6545,"date":"2025-02-22T00:37:47","date_gmt":"2025-02-22T00:37:47","guid":{"rendered":"https:\/\/ehalal.it\/?post_type=product&#038;p=6545"},"modified":"2025-02-27T00:30:17","modified_gmt":"2025-02-27T00:30:17","slug":"jambon-cuit-halal-de-veau","status":"publish","type":"product","link":"https:\/\/ehalal.it\/en\/product\/jambon-cuit-halal-de-veau\/","title":{"rendered":"Halal Cooked Veal Ham"},"content":{"rendered":"<p>D\u00e9couvrez notre Jambon cuit halal de veau, un produit qui allie innovation et tradition italienne. \u00c9labor\u00e9 \u00e0 partir de cuisse de veau certifi\u00e9e halal, ce jambon cuit est l\u00e9ger et d\u00e9licat, sans lactose, sans gluten et sans ingr\u00e9dients OGM. Conditionn\u00e9 sous vide pour pr\u00e9server la fra\u00eecheur et la qualit\u00e9.<\/p>","protected":false},"excerpt":{"rendered":"<p>D\u00e9couvrez notre Jambon cuit halal de veau, un produit qui allie innovation et tradition italienne. \u00c9labor\u00e9 \u00e0 partir de cuisse de veau certifi\u00e9e halal, ce jambon cuit est l\u00e9ger et d\u00e9licat, sans lactose, sans gluten et sans ingr\u00e9dients OGM. Conditionn\u00e9 sous vide pour pr\u00e9server la fra\u00eecheur et la qualit\u00e9.<\/p>","protected":false},"featured_media":6583,"comment_status":"open","ping_status":"closed","template":"","meta":[],"product_brand":[],"product_cat":[111],"product_tag":[156,179,180,181],"class_list":{"0":"post-6545","1":"product","2":"type-product","3":"status-publish","4":"has-post-thumbnail","6":"product_cat-charcuterie","7":"product_tag-halal","8":"product_tag-jambon","9":"product_tag-jambon-cuit-halal-de-veau","10":"product_tag-veau","12":"first","13":"instock","14":"purchasable","15":"product-type-simple"},"_links":{"self":[{"href":"https:\/\/ehalal.it\/en\/wp-json\/wp\/v2\/product\/6545","targetHints":{"allow":["GET"]}}],"collection":[{"href":"https:\/\/ehalal.it\/en\/wp-json\/wp\/v2\/product"}],"about":[{"href":"https:\/\/ehalal.it\/en\/wp-json\/wp\/v2\/types\/product"}],"replies":[{"embeddable":true,"href":"https:\/\/ehalal.it\/en\/wp-json\/wp\/v2\/comments?post=6545"}],"wp:featuredmedia":[{"embeddable":true,"href":"https:\/\/ehalal.it\/en\/wp-json\/wp\/v2\/media\/6583"}],"wp:attachment":[{"href":"https:\/\/ehalal.it\/en\/wp-json\/wp\/v2\/media?parent=6545"}],"wp:term":[{"taxonomy":"product_brand","embeddable":true,"href":"https:\/\/ehalal.it\/en\/wp-json\/wp\/v2\/product_brand?post=6545"},{"taxonomy":"product_cat","embeddable":true,"href":"https:\/\/ehalal.it\/en\/wp-json\/wp\/v2\/product_cat?post=6545"},{"taxonomy":"product_tag","embeddable":true,"href":"https:\/\/ehalal.it\/en\/wp-json\/wp\/v2\/product_tag?post=6545"}],"curies":[{"name":"wp","href":"https:\/\/api.w.org\/{rel}","templated":true}]}}