{"id":6567,"date":"2025-02-22T00:40:59","date_gmt":"2025-02-22T00:40:59","guid":{"rendered":"https:\/\/ehalal.it\/?post_type=product&#038;p=6567"},"modified":"2025-02-26T22:17:33","modified_gmt":"2025-02-26T22:17:33","slug":"pancetta-dagneau-halal-roulee","status":"publish","type":"product","link":"https:\/\/ehalal.it\/en\/product\/pancetta-dagneau-halal-roulee\/","title":{"rendered":"Halal Rolled Lamb Pancetta"},"content":{"rendered":"<p>Notre Pancetta d&#8217;agneau Halal est une d\u00e9licatesse italienne, pr\u00e9par\u00e9e \u00e0 partir de viande d&#8217;agneau certifi\u00e9e Halal et affin\u00e9e pendant 3 mois. Cette pancetta roul\u00e9e est parfaite pour \u00eatre d\u00e9gust\u00e9e en toute occasion, offrant une saveur authentique et riche, sans lactose, sans gluten et sans ingr\u00e9dients OGM.<\/p>","protected":false},"excerpt":{"rendered":"<p>Notre Pancetta d&#8217;agneau Halal est une d\u00e9licatesse italienne, pr\u00e9par\u00e9e \u00e0 partir de viande d&#8217;agneau certifi\u00e9e Halal et affin\u00e9e pendant 3 mois. Cette pancetta roul\u00e9e est parfaite pour \u00eatre d\u00e9gust\u00e9e en toute occasion, offrant une saveur authentique et riche, sans lactose, sans gluten et sans ingr\u00e9dients OGM.<\/p>","protected":false},"featured_media":6579,"comment_status":"open","ping_status":"closed","template":"","meta":[],"product_brand":[],"product_cat":[111],"product_tag":[177,156,161,176],"class_list":{"0":"post-6567","1":"product","2":"type-product","3":"status-publish","4":"has-post-thumbnail","6":"product_cat-charcuterie","7":"product_tag-agneau","8":"product_tag-halal","9":"product_tag-italien","10":"product_tag-pancetta-dagneau-halal-roulee","12":"first","13":"instock","14":"purchasable","15":"product-type-simple"},"_links":{"self":[{"href":"https:\/\/ehalal.it\/en\/wp-json\/wp\/v2\/product\/6567","targetHints":{"allow":["GET"]}}],"collection":[{"href":"https:\/\/ehalal.it\/en\/wp-json\/wp\/v2\/product"}],"about":[{"href":"https:\/\/ehalal.it\/en\/wp-json\/wp\/v2\/types\/product"}],"replies":[{"embeddable":true,"href":"https:\/\/ehalal.it\/en\/wp-json\/wp\/v2\/comments?post=6567"}],"wp:featuredmedia":[{"embeddable":true,"href":"https:\/\/ehalal.it\/en\/wp-json\/wp\/v2\/media\/6579"}],"wp:attachment":[{"href":"https:\/\/ehalal.it\/en\/wp-json\/wp\/v2\/media?parent=6567"}],"wp:term":[{"taxonomy":"product_brand","embeddable":true,"href":"https:\/\/ehalal.it\/en\/wp-json\/wp\/v2\/product_brand?post=6567"},{"taxonomy":"product_cat","embeddable":true,"href":"https:\/\/ehalal.it\/en\/wp-json\/wp\/v2\/product_cat?post=6567"},{"taxonomy":"product_tag","embeddable":true,"href":"https:\/\/ehalal.it\/en\/wp-json\/wp\/v2\/product_tag?post=6567"}],"curies":[{"name":"wp","href":"https:\/\/api.w.org\/{rel}","templated":true}]}}