{"id":6572,"date":"2025-02-22T00:47:12","date_gmt":"2025-02-22T00:47:12","guid":{"rendered":"https:\/\/ehalal.it\/?post_type=product&#038;p=6572"},"modified":"2025-02-26T22:17:12","modified_gmt":"2025-02-26T22:17:12","slug":"salame-milano-halal","status":"publish","type":"product","link":"https:\/\/ehalal.it\/en\/product\/salame-milano-halal\/","title":{"rendered":"Milano Halal Salad"},"content":{"rendered":"<p>D\u00e9couvrez notre Salame Milano Halal, pr\u00e9par\u00e9 avec soin dans le choix des mati\u00e8res premi\u00e8res, une mouture fine et une maturation \u00e0 temp\u00e9rature contr\u00f4l\u00e9e. Ce salami, sans lactose, sans gluten et sans ingr\u00e9dients OGM, est parfait pour toute occasion. Emball\u00e9 sous vide pour garantir fra\u00eecheur et qualit\u00e9.<\/p>","protected":false},"excerpt":{"rendered":"<p>D\u00e9couvrez notre Salame Milano Halal, pr\u00e9par\u00e9 avec soin dans le choix des mati\u00e8res premi\u00e8res, une mouture fine et une maturation \u00e0 temp\u00e9rature contr\u00f4l\u00e9e. Ce salami, sans lactose, sans gluten et sans ingr\u00e9dients OGM, est parfait pour toute occasion. Emball\u00e9 sous vide pour garantir fra\u00eecheur et qualit\u00e9.<\/p>","protected":false},"featured_media":6580,"comment_status":"open","ping_status":"closed","template":"","meta":[],"product_brand":[],"product_cat":[111],"product_tag":[156,166,165,167],"class_list":{"0":"post-6572","1":"product","2":"type-product","3":"status-publish","4":"has-post-thumbnail","6":"product_cat-charcuterie","7":"product_tag-halal","8":"product_tag-salame","9":"product_tag-salame-milano-halal","10":"product_tag-salumi","12":"first","13":"instock","14":"purchasable","15":"product-type-simple"},"_links":{"self":[{"href":"https:\/\/ehalal.it\/en\/wp-json\/wp\/v2\/product\/6572","targetHints":{"allow":["GET"]}}],"collection":[{"href":"https:\/\/ehalal.it\/en\/wp-json\/wp\/v2\/product"}],"about":[{"href":"https:\/\/ehalal.it\/en\/wp-json\/wp\/v2\/types\/product"}],"replies":[{"embeddable":true,"href":"https:\/\/ehalal.it\/en\/wp-json\/wp\/v2\/comments?post=6572"}],"wp:featuredmedia":[{"embeddable":true,"href":"https:\/\/ehalal.it\/en\/wp-json\/wp\/v2\/media\/6580"}],"wp:attachment":[{"href":"https:\/\/ehalal.it\/en\/wp-json\/wp\/v2\/media?parent=6572"}],"wp:term":[{"taxonomy":"product_brand","embeddable":true,"href":"https:\/\/ehalal.it\/en\/wp-json\/wp\/v2\/product_brand?post=6572"},{"taxonomy":"product_cat","embeddable":true,"href":"https:\/\/ehalal.it\/en\/wp-json\/wp\/v2\/product_cat?post=6572"},{"taxonomy":"product_tag","embeddable":true,"href":"https:\/\/ehalal.it\/en\/wp-json\/wp\/v2\/product_tag?post=6572"}],"curies":[{"name":"wp","href":"https:\/\/api.w.org\/{rel}","templated":true}]}}