{"id":6575,"date":"2025-02-22T00:52:06","date_gmt":"2025-02-22T00:52:06","guid":{"rendered":"https:\/\/ehalal.it\/?post_type=product&#038;p=6575"},"modified":"2025-02-26T22:16:03","modified_gmt":"2025-02-26T22:16:03","slug":"spianata-piccante-halal","status":"publish","type":"product","link":"https:\/\/ehalal.it\/en\/product\/spianata-piccante-halal\/","title":{"rendered":"Spicy Halal Spianata"},"content":{"rendered":"<p>D\u00e9couvrez notre Spianata piccante Halal, pr\u00e9par\u00e9e avec de la viande de b\u0153uf adulte, hach\u00e9e moyennement et assaisonn\u00e9e avec des \u00e9pices au go\u00fbt prononc\u00e9 et \u00e9pic\u00e9. Ce produit, sans lactose, sans gluten et sans ingr\u00e9dients OGM, est emball\u00e9 sous vide pour pr\u00e9server sa fra\u00eecheur et sa qualit\u00e9, offrant un go\u00fbt intense et authentique.<\/p>","protected":false},"excerpt":{"rendered":"<p>D\u00e9couvrez notre Spianata piccante Halal, pr\u00e9par\u00e9e avec de la viande de b\u0153uf adulte, hach\u00e9e moyennement et assaisonn\u00e9e avec des \u00e9pices au go\u00fbt prononc\u00e9 et \u00e9pic\u00e9. Ce produit, sans lactose, sans gluten et sans ingr\u00e9dients OGM, est emball\u00e9 sous vide pour pr\u00e9server sa fra\u00eecheur et sa qualit\u00e9, offrant un go\u00fbt intense et authentique.<\/p>","protected":false},"featured_media":6582,"comment_status":"open","ping_status":"closed","template":"","meta":[],"product_brand":[],"product_cat":[111],"product_tag":[156,157,159,158],"class_list":{"0":"post-6575","1":"product","2":"type-product","3":"status-publish","4":"has-post-thumbnail","6":"product_cat-charcuterie","7":"product_tag-halal","8":"product_tag-italie","9":"product_tag-spianata","10":"product_tag-spianata-piccante-halal","12":"first","13":"instock","14":"purchasable","15":"product-type-simple"},"_links":{"self":[{"href":"https:\/\/ehalal.it\/en\/wp-json\/wp\/v2\/product\/6575","targetHints":{"allow":["GET"]}}],"collection":[{"href":"https:\/\/ehalal.it\/en\/wp-json\/wp\/v2\/product"}],"about":[{"href":"https:\/\/ehalal.it\/en\/wp-json\/wp\/v2\/types\/product"}],"replies":[{"embeddable":true,"href":"https:\/\/ehalal.it\/en\/wp-json\/wp\/v2\/comments?post=6575"}],"wp:featuredmedia":[{"embeddable":true,"href":"https:\/\/ehalal.it\/en\/wp-json\/wp\/v2\/media\/6582"}],"wp:attachment":[{"href":"https:\/\/ehalal.it\/en\/wp-json\/wp\/v2\/media?parent=6575"}],"wp:term":[{"taxonomy":"product_brand","embeddable":true,"href":"https:\/\/ehalal.it\/en\/wp-json\/wp\/v2\/product_brand?post=6575"},{"taxonomy":"product_cat","embeddable":true,"href":"https:\/\/ehalal.it\/en\/wp-json\/wp\/v2\/product_cat?post=6575"},{"taxonomy":"product_tag","embeddable":true,"href":"https:\/\/ehalal.it\/en\/wp-json\/wp\/v2\/product_tag?post=6575"}],"curies":[{"name":"wp","href":"https:\/\/api.w.org\/{rel}","templated":true}]}}