{"id":6576,"date":"2025-02-22T00:55:35","date_gmt":"2025-02-22T00:55:35","guid":{"rendered":"https:\/\/ehalal.it\/?post_type=product&#038;p=6576"},"modified":"2025-02-27T00:28:13","modified_gmt":"2025-02-27T00:28:13","slug":"speck-de-boeuf-halal","status":"publish","type":"product","link":"https:\/\/ehalal.it\/en\/product\/speck-de-boeuf-halal\/","title":{"rendered":"Halal Beef Speck"},"content":{"rendered":"<p>D\u00e9couvrez notre Speck de b\u0153uf Halal fum\u00e9, habilement \u00e9pic\u00e9 selon la tradition et fum\u00e9 \u00e0 froid avec du bois de h\u00eatre. Fabriqu\u00e9 \u00e0 partir de viande bovine certifi\u00e9e Halal, ce speck offre une saveur unique et authentique, sans lactose, sans gluten et sans ingr\u00e9dients OGM.<\/p>","protected":false},"excerpt":{"rendered":"<p>D\u00e9couvrez notre Speck de b\u0153uf Halal fum\u00e9, habilement \u00e9pic\u00e9 selon la tradition et fum\u00e9 \u00e0 froid avec du bois de h\u00eatre. Fabriqu\u00e9 \u00e0 partir de viande bovine certifi\u00e9e Halal, ce speck offre une saveur unique et authentique, sans lactose, sans gluten et sans ingr\u00e9dients OGM.<\/p>","protected":false},"featured_media":6581,"comment_status":"open","ping_status":"closed","template":"","meta":[],"product_brand":[],"product_cat":[111],"product_tag":[155,156,161,160],"class_list":{"0":"post-6576","1":"product","2":"type-product","3":"status-publish","4":"has-post-thumbnail","6":"product_cat-charcuterie","7":"product_tag-boeuf","8":"product_tag-halal","9":"product_tag-italien","10":"product_tag-speck-de-boeuf-halal","12":"first","13":"instock","14":"purchasable","15":"product-type-simple"},"_links":{"self":[{"href":"https:\/\/ehalal.it\/en\/wp-json\/wp\/v2\/product\/6576","targetHints":{"allow":["GET"]}}],"collection":[{"href":"https:\/\/ehalal.it\/en\/wp-json\/wp\/v2\/product"}],"about":[{"href":"https:\/\/ehalal.it\/en\/wp-json\/wp\/v2\/types\/product"}],"replies":[{"embeddable":true,"href":"https:\/\/ehalal.it\/en\/wp-json\/wp\/v2\/comments?post=6576"}],"wp:featuredmedia":[{"embeddable":true,"href":"https:\/\/ehalal.it\/en\/wp-json\/wp\/v2\/media\/6581"}],"wp:attachment":[{"href":"https:\/\/ehalal.it\/en\/wp-json\/wp\/v2\/media?parent=6576"}],"wp:term":[{"taxonomy":"product_brand","embeddable":true,"href":"https:\/\/ehalal.it\/en\/wp-json\/wp\/v2\/product_brand?post=6576"},{"taxonomy":"product_cat","embeddable":true,"href":"https:\/\/ehalal.it\/en\/wp-json\/wp\/v2\/product_cat?post=6576"},{"taxonomy":"product_tag","embeddable":true,"href":"https:\/\/ehalal.it\/en\/wp-json\/wp\/v2\/product_tag?post=6576"}],"curies":[{"name":"wp","href":"https:\/\/api.w.org\/{rel}","templated":true}]}}