{"id":6568,"date":"2025-02-22T00:42:38","date_gmt":"2025-02-22T00:42:38","guid":{"rendered":"https:\/\/ehalal.it\/?post_type=product&#038;p=6568"},"modified":"2025-02-27T00:29:56","modified_gmt":"2025-02-27T00:29:56","slug":"salamino-pure-bovin-halal","status":"publish","type":"product","link":"https:\/\/ehalal.it\/it\/product\/salamino-pure-bovin-halal\/","title":{"rendered":"Salamino bovino puro Halal"},"content":{"rendered":"<p>D\u00e9couvrez notre salami de pur b\u0153uf halal, fabriqu\u00e9 \u00e0 partir de viande bovine italienne certifi\u00e9e halal. Ce salami, id\u00e9al pour toutes les occasions, est sans lactose, sans gluten et sans ingr\u00e9dients OGM, emball\u00e9 sous vide pour pr\u00e9server sa fra\u00eecheur et sa qualit\u00e9. Parfait comme collation pr\u00eate \u00e0 d\u00e9guster ou pour enrichir vos plats.<\/p>","protected":false},"excerpt":{"rendered":"<p>D\u00e9couvrez notre salami de pur b\u0153uf halal, fabriqu\u00e9 \u00e0 partir de viande bovine italienne certifi\u00e9e halal. Ce salami, id\u00e9al pour toutes les occasions, est sans lactose, sans gluten et sans ingr\u00e9dients OGM, emball\u00e9 sous vide pour pr\u00e9server sa fra\u00eecheur et sa qualit\u00e9. Parfait comme collation pr\u00eate \u00e0 d\u00e9guster ou pour enrichir vos plats.<\/p>","protected":false},"featured_media":6605,"comment_status":"open","ping_status":"closed","template":"","meta":[],"product_brand":[],"product_cat":[111],"product_tag":[172,156,166,173,171,167],"class_list":{"0":"post-6568","1":"product","2":"type-product","3":"status-publish","4":"has-post-thumbnail","6":"product_cat-charcuterie","7":"product_tag-bovin","8":"product_tag-halal","9":"product_tag-salame","10":"product_tag-salamino","11":"product_tag-salamino-pure-bovin-halal","12":"product_tag-salumi","14":"first","15":"instock","16":"purchasable","17":"product-type-simple"},"_links":{"self":[{"href":"https:\/\/ehalal.it\/it\/wp-json\/wp\/v2\/product\/6568","targetHints":{"allow":["GET"]}}],"collection":[{"href":"https:\/\/ehalal.it\/it\/wp-json\/wp\/v2\/product"}],"about":[{"href":"https:\/\/ehalal.it\/it\/wp-json\/wp\/v2\/types\/product"}],"replies":[{"embeddable":true,"href":"https:\/\/ehalal.it\/it\/wp-json\/wp\/v2\/comments?post=6568"}],"wp:featuredmedia":[{"embeddable":true,"href":"https:\/\/ehalal.it\/it\/wp-json\/wp\/v2\/media\/6605"}],"wp:attachment":[{"href":"https:\/\/ehalal.it\/it\/wp-json\/wp\/v2\/media?parent=6568"}],"wp:term":[{"taxonomy":"product_brand","embeddable":true,"href":"https:\/\/ehalal.it\/it\/wp-json\/wp\/v2\/product_brand?post=6568"},{"taxonomy":"product_cat","embeddable":true,"href":"https:\/\/ehalal.it\/it\/wp-json\/wp\/v2\/product_cat?post=6568"},{"taxonomy":"product_tag","embeddable":true,"href":"https:\/\/ehalal.it\/it\/wp-json\/wp\/v2\/product_tag?post=6568"}],"curies":[{"name":"wp","href":"https:\/\/api.w.org\/{rel}","templated":true}]}}